{"id":309,"date":"2021-01-28T10:53:37","date_gmt":"2021-01-28T09:53:37","guid":{"rendered":"https:\/\/cafesantillascampos.com\/producto\/import-placeholder-for-211\/"},"modified":"2025-09-24T10:20:23","modified_gmt":"2025-09-24T08:20:23","slug":"colombia-supremo-pico-cristobal","status":"publish","type":"product","link":"https:\/\/cafesantillascampos.com\/de\/nuestros-caf\u00e9s\/colombia-supremo-pico-cristobal\/","title":{"rendered":"Kolumbien Pico Cristobal"},"content":{"rendered":"<div class=\"woocommerce-product-details__short-description\">\n<p>Der K\u00f6nig der glatten. Die colombias sind weich, leicht Sauer, Pflege in seiner Auswahl. K\u00f6rper Licht, sondern rund und fruchtig-feinen aroma. Geschmack aromatisch wie ein leichter Wein, die Sie nicht haben eine Menge von K\u00f6rper. Es ist geeignet f\u00fcr diejenigen von Ihnen, die wie die gourmet-Kaffee.<\/p>\n<\/div>","protected":false},"excerpt":{"rendered":"<p>Der K\u00f6nig der glatten. Die colombias sind weich, leicht Sauer, Pflege in seiner Auswahl. K\u00f6rper Licht, sondern rund und fruchtig-feinen aroma. Geschmack aromatisch wie ein leichter Wein, die Sie nicht haben eine Menge von K\u00f6rper. Es ist geeignet f\u00fcr diejenigen von Ihnen, die wie die gourmet-Kaffee.<\/p>","protected":false},"featured_media":352,"comment_status":"open","ping_status":"closed","template":"","meta":{"_jet_sm_ready_style":"","_jet_sm_style":"","_jet_sm_controls_values":"","_jet_sm_fonts_collection":"","_jet_sm_fonts_links":"","_joinchat":[]},"product_brand":[],"product_cat":[41],"product_tag":[48],"class_list":{"0":"post-309","1":"product","2":"type-product","3":"status-publish","4":"has-post-thumbnail","6":"product_cat-origenes-puros","7":"product_tag-colombia","9":"first","10":"instock","11":"taxable","12":"shipping-taxable","13":"purchasable","14":"product-type-variable"},"yoast_head":"<!-- This site is optimized with the Yoast SEO plugin v26.0 - https:\/\/yoast.com\/wordpress\/plugins\/seo\/ -->\n<title>Colombia Pico Cristobal - Caf\u00e9s Las Antillas Campos<\/title>\n<meta name=\"robots\" content=\"index, follow, max-snippet:-1, max-image-preview:large, max-video-preview:-1\" \/>\n<link rel=\"canonical\" href=\"https:\/\/cafesantillascampos.com\/de\/nuestros-caf\u00e9s\/colombia-supremo-pico-cristobal\/\" \/>\n<meta property=\"og:locale\" content=\"de_DE\" \/>\n<meta property=\"og:type\" content=\"article\" \/>\n<meta property=\"og:title\" content=\"Colombia Pico Cristobal - Caf\u00e9s Las Antillas Campos\" \/>\n<meta property=\"og:description\" content=\"El rey de los suaves. Los colombias son suaves, ligeramente \u00e1cidos, cuidados en su selecci\u00f3n. Cuerpo ligero pero redondo y afrutado, fino aroma. Gusto perfumado como el de un vino ligero, no tiene mucho cuerpo. Es adecuado para aquellos a quienes les gusta el caf\u00e9 gourmet.\" \/>\n<meta property=\"og:url\" content=\"https:\/\/cafesantillascampos.com\/de\/nuestros-caf\u00e9s\/colombia-supremo-pico-cristobal\/\" \/>\n<meta property=\"og:site_name\" content=\"Caf\u00e9s Las Antillas Campos\" \/>\n<meta property=\"article:publisher\" content=\"https:\/\/www.facebook.com\/cafesantillas\/\" \/>\n<meta property=\"article:modified_time\" content=\"2025-09-24T08:20:23+00:00\" \/>\n<meta property=\"og:image\" content=\"https:\/\/cafesantillascampos.com\/wp-content\/uploads\/2021\/01\/Cafe_Colombia.png\" \/>\n\t<meta property=\"og:image:width\" content=\"1024\" \/>\n\t<meta property=\"og:image:height\" content=\"1024\" \/>\n\t<meta property=\"og:image:type\" content=\"image\/png\" \/>\n<meta name=\"twitter:card\" content=\"summary_large_image\" \/>\n<script type=\"application\/ld+json\" class=\"yoast-schema-graph\">{\"@context\":\"https:\/\/schema.org\",\"@graph\":[{\"@type\":\"WebPage\",\"@id\":\"https:\/\/cafesantillascampos.com\/nuestros-caf\u00e9s\/colombia-supremo-pico-cristobal\/\",\"url\":\"https:\/\/cafesantillascampos.com\/nuestros-caf\u00e9s\/colombia-supremo-pico-cristobal\/\",\"name\":\"Colombia Pico Cristobal - Caf\u00e9s Las Antillas Campos\",\"isPartOf\":{\"@id\":\"https:\/\/cafesantillascampos.com\/#website\"},\"primaryImageOfPage\":{\"@id\":\"https:\/\/cafesantillascampos.com\/nuestros-caf\u00e9s\/colombia-supremo-pico-cristobal\/#primaryimage\"},\"image\":{\"@id\":\"https:\/\/cafesantillascampos.com\/nuestros-caf\u00e9s\/colombia-supremo-pico-cristobal\/#primaryimage\"},\"thumbnailUrl\":\"https:\/\/cafesantillascampos.com\/wp-content\/uploads\/2021\/01\/Cafe_Colombia.png\",\"datePublished\":\"2021-01-28T09:53:37+00:00\",\"dateModified\":\"2025-09-24T08:20:23+00:00\",\"breadcrumb\":{\"@id\":\"https:\/\/cafesantillascampos.com\/nuestros-caf\u00e9s\/colombia-supremo-pico-cristobal\/#breadcrumb\"},\"inLanguage\":\"de\",\"potentialAction\":[{\"@type\":\"ReadAction\",\"target\":[\"https:\/\/cafesantillascampos.com\/nuestros-caf\u00e9s\/colombia-supremo-pico-cristobal\/\"]}]},{\"@type\":\"ImageObject\",\"inLanguage\":\"de\",\"@id\":\"https:\/\/cafesantillascampos.com\/nuestros-caf\u00e9s\/colombia-supremo-pico-cristobal\/#primaryimage\",\"url\":\"https:\/\/cafesantillascampos.com\/wp-content\/uploads\/2021\/01\/Cafe_Colombia.png\",\"contentUrl\":\"https:\/\/cafesantillascampos.com\/wp-content\/uploads\/2021\/01\/Cafe_Colombia.png\",\"width\":1024,\"height\":1024,\"caption\":\"Caf\u00e9 Colombia Las Antillas - Campos\"},{\"@type\":\"BreadcrumbList\",\"@id\":\"https:\/\/cafesantillascampos.com\/nuestros-caf\u00e9s\/colombia-supremo-pico-cristobal\/#breadcrumb\",\"itemListElement\":[{\"@type\":\"ListItem\",\"position\":1,\"name\":\"Portada\",\"item\":\"https:\/\/cafesantillascampos.com\/\"},{\"@type\":\"ListItem\",\"position\":2,\"name\":\"Tienda\",\"item\":\"https:\/\/cafesantillascampos.com\/tienda\/\"},{\"@type\":\"ListItem\",\"position\":3,\"name\":\"Colombia Pico Cristobal\"}]},{\"@type\":\"WebSite\",\"@id\":\"https:\/\/cafesantillascampos.com\/#website\",\"url\":\"https:\/\/cafesantillascampos.com\/\",\"name\":\"Caf\u00e9s Las Antillas Campos\",\"description\":\"Tostadero de Caf\u00e9 Las Antillas - Campos. Desde 1922.\",\"publisher\":{\"@id\":\"https:\/\/cafesantillascampos.com\/#organization\"},\"potentialAction\":[{\"@type\":\"SearchAction\",\"target\":{\"@type\":\"EntryPoint\",\"urlTemplate\":\"https:\/\/cafesantillascampos.com\/?s={search_term_string}\"},\"query-input\":{\"@type\":\"PropertyValueSpecification\",\"valueRequired\":true,\"valueName\":\"search_term_string\"}}],\"inLanguage\":\"de\"},{\"@type\":\"Organization\",\"@id\":\"https:\/\/cafesantillascampos.com\/#organization\",\"name\":\"Caf\u00e9s Las Antillas - Campos\",\"url\":\"https:\/\/cafesantillascampos.com\/\",\"logo\":{\"@type\":\"ImageObject\",\"inLanguage\":\"de\",\"@id\":\"https:\/\/cafesantillascampos.com\/#\/schema\/logo\/image\/\",\"url\":\"https:\/\/cafesantillascampos.com\/wp-content\/uploads\/2021\/02\/Logotipo_Web_001.png\",\"contentUrl\":\"https:\/\/cafesantillascampos.com\/wp-content\/uploads\/2021\/02\/Logotipo_Web_001.png\",\"width\":1920,\"height\":374,\"caption\":\"Caf\u00e9s Las Antillas - Campos\"},\"image\":{\"@id\":\"https:\/\/cafesantillascampos.com\/#\/schema\/logo\/image\/\"},\"sameAs\":[\"https:\/\/www.facebook.com\/cafesantillas\/\",\"https:\/\/www.instagram.com\/cafes_las_antillas_campos\/\"]}]}<\/script>\n<!-- \/ Yoast SEO plugin. -->","yoast_head_json":{"title":"Colombia Pico Cristobal - Caf\u00e9s Las Antillas Campos","robots":{"index":"index","follow":"follow","max-snippet":"max-snippet:-1","max-image-preview":"max-image-preview:large","max-video-preview":"max-video-preview:-1"},"canonical":"https:\/\/cafesantillascampos.com\/de\/nuestros-caf\u00e9s\/colombia-supremo-pico-cristobal\/","og_locale":"de_DE","og_type":"article","og_title":"Colombia Pico Cristobal - Caf\u00e9s Las Antillas Campos","og_description":"El rey de los suaves. Los colombias son suaves, ligeramente \u00e1cidos, cuidados en su selecci\u00f3n. Cuerpo ligero pero redondo y afrutado, fino aroma. Gusto perfumado como el de un vino ligero, no tiene mucho cuerpo. Es adecuado para aquellos a quienes les gusta el caf\u00e9 gourmet.","og_url":"https:\/\/cafesantillascampos.com\/de\/nuestros-caf\u00e9s\/colombia-supremo-pico-cristobal\/","og_site_name":"Caf\u00e9s Las Antillas Campos","article_publisher":"https:\/\/www.facebook.com\/cafesantillas\/","article_modified_time":"2025-09-24T08:20:23+00:00","og_image":[{"width":1024,"height":1024,"url":"https:\/\/cafesantillascampos.com\/wp-content\/uploads\/2021\/01\/Cafe_Colombia.png","type":"image\/png"}],"twitter_card":"summary_large_image","schema":{"@context":"https:\/\/schema.org","@graph":[{"@type":"WebPage","@id":"https:\/\/cafesantillascampos.com\/nuestros-caf\u00e9s\/colombia-supremo-pico-cristobal\/","url":"https:\/\/cafesantillascampos.com\/nuestros-caf\u00e9s\/colombia-supremo-pico-cristobal\/","name":"Colombia Pico Cristobal - Caf\u00e9s Las Antillas Campos","isPartOf":{"@id":"https:\/\/cafesantillascampos.com\/#website"},"primaryImageOfPage":{"@id":"https:\/\/cafesantillascampos.com\/nuestros-caf\u00e9s\/colombia-supremo-pico-cristobal\/#primaryimage"},"image":{"@id":"https:\/\/cafesantillascampos.com\/nuestros-caf\u00e9s\/colombia-supremo-pico-cristobal\/#primaryimage"},"thumbnailUrl":"https:\/\/cafesantillascampos.com\/wp-content\/uploads\/2021\/01\/Cafe_Colombia.png","datePublished":"2021-01-28T09:53:37+00:00","dateModified":"2025-09-24T08:20:23+00:00","breadcrumb":{"@id":"https:\/\/cafesantillascampos.com\/nuestros-caf\u00e9s\/colombia-supremo-pico-cristobal\/#breadcrumb"},"inLanguage":"de","potentialAction":[{"@type":"ReadAction","target":["https:\/\/cafesantillascampos.com\/nuestros-caf\u00e9s\/colombia-supremo-pico-cristobal\/"]}]},{"@type":"ImageObject","inLanguage":"de","@id":"https:\/\/cafesantillascampos.com\/nuestros-caf\u00e9s\/colombia-supremo-pico-cristobal\/#primaryimage","url":"https:\/\/cafesantillascampos.com\/wp-content\/uploads\/2021\/01\/Cafe_Colombia.png","contentUrl":"https:\/\/cafesantillascampos.com\/wp-content\/uploads\/2021\/01\/Cafe_Colombia.png","width":1024,"height":1024,"caption":"Caf\u00e9 Colombia Las Antillas - Campos"},{"@type":"BreadcrumbList","@id":"https:\/\/cafesantillascampos.com\/nuestros-caf\u00e9s\/colombia-supremo-pico-cristobal\/#breadcrumb","itemListElement":[{"@type":"ListItem","position":1,"name":"Portada","item":"https:\/\/cafesantillascampos.com\/"},{"@type":"ListItem","position":2,"name":"Tienda","item":"https:\/\/cafesantillascampos.com\/tienda\/"},{"@type":"ListItem","position":3,"name":"Colombia Pico Cristobal"}]},{"@type":"WebSite","@id":"https:\/\/cafesantillascampos.com\/#website","url":"https:\/\/cafesantillascampos.com\/","name":"Caf\u00e9s Las Antillas Campos","description":"Tostadero de Caf\u00e9 Las Antillas - Campos. Desde 1922.","publisher":{"@id":"https:\/\/cafesantillascampos.com\/#organization"},"potentialAction":[{"@type":"SearchAction","target":{"@type":"EntryPoint","urlTemplate":"https:\/\/cafesantillascampos.com\/?s={search_term_string}"},"query-input":{"@type":"PropertyValueSpecification","valueRequired":true,"valueName":"search_term_string"}}],"inLanguage":"de"},{"@type":"Organization","@id":"https:\/\/cafesantillascampos.com\/#organization","name":"Caf\u00e9s Las Antillas - Campos","url":"https:\/\/cafesantillascampos.com\/","logo":{"@type":"ImageObject","inLanguage":"de","@id":"https:\/\/cafesantillascampos.com\/#\/schema\/logo\/image\/","url":"https:\/\/cafesantillascampos.com\/wp-content\/uploads\/2021\/02\/Logotipo_Web_001.png","contentUrl":"https:\/\/cafesantillascampos.com\/wp-content\/uploads\/2021\/02\/Logotipo_Web_001.png","width":1920,"height":374,"caption":"Caf\u00e9s Las Antillas - Campos"},"image":{"@id":"https:\/\/cafesantillascampos.com\/#\/schema\/logo\/image\/"},"sameAs":["https:\/\/www.facebook.com\/cafesantillas\/","https:\/\/www.instagram.com\/cafes_las_antillas_campos\/"]}]}},"_links":{"self":[{"href":"https:\/\/cafesantillascampos.com\/de\/wp-json\/wp\/v2\/product\/309","targetHints":{"allow":["GET"]}}],"collection":[{"href":"https:\/\/cafesantillascampos.com\/de\/wp-json\/wp\/v2\/product"}],"about":[{"href":"https:\/\/cafesantillascampos.com\/de\/wp-json\/wp\/v2\/types\/product"}],"replies":[{"embeddable":true,"href":"https:\/\/cafesantillascampos.com\/de\/wp-json\/wp\/v2\/comments?post=309"}],"wp:featuredmedia":[{"embeddable":true,"href":"https:\/\/cafesantillascampos.com\/de\/wp-json\/wp\/v2\/media\/352"}],"wp:attachment":[{"href":"https:\/\/cafesantillascampos.com\/de\/wp-json\/wp\/v2\/media?parent=309"}],"wp:term":[{"taxonomy":"product_brand","embeddable":true,"href":"https:\/\/cafesantillascampos.com\/de\/wp-json\/wp\/v2\/product_brand?post=309"},{"taxonomy":"product_cat","embeddable":true,"href":"https:\/\/cafesantillascampos.com\/de\/wp-json\/wp\/v2\/product_cat?post=309"},{"taxonomy":"product_tag","embeddable":true,"href":"https:\/\/cafesantillascampos.com\/de\/wp-json\/wp\/v2\/product_tag?post=309"}],"curies":[{"name":"wp","href":"https:\/\/api.w.org\/{rel}","templated":true}]}}