{"id":270,"date":"2021-01-28T10:53:25","date_gmt":"2021-01-28T09:53:25","guid":{"rendered":"https:\/\/cafesantillascampos.com\/producto\/import-placeholder-for-169\/"},"modified":"2025-12-02T15:56:19","modified_gmt":"2025-12-02T14:56:19","slug":"mexico-arabica-descafeinado","status":"publish","type":"product","link":"https:\/\/cafesantillascampos.com\/de\/nuestros-caf\u00e9s\/mexico-arabica-descafeinado\/","title":{"rendered":"Mexiko Arabica Entkoffeiniert"},"content":{"rendered":"<div class=\"woocommerce-product-details__short-description\">\n<p>Kaffee, 100% Arabica, entkoffeiniert, so dass Sie k\u00f6nnen genie\u00dfen Sie den Geschmack von Kaffee ist in der reinen, zuvor entkoffeiniert und trotzdem versuchen, die Qualit\u00e4ten der besten Arabica-Kaffee.<\/p>\n<\/div>","protected":false},"excerpt":{"rendered":"<p>Kaffee, 100% Arabica, entkoffeiniert, so dass Sie k\u00f6nnen genie\u00dfen Sie den Geschmack von Kaffee ist in der reinen, zuvor entkoffeiniert und trotzdem versuchen, die Qualit\u00e4ten der besten Arabica-Kaffee.<\/p>","protected":false},"featured_media":788,"comment_status":"open","ping_status":"closed","template":"","meta":{"_jet_sm_ready_style":"","_jet_sm_style":"","_jet_sm_controls_values":"","_jet_sm_fonts_collection":"","_jet_sm_fonts_links":"","_joinchat":[]},"product_brand":[],"product_cat":[40,41],"product_tag":[],"class_list":{"0":"post-270","1":"product","2":"type-product","3":"status-publish","4":"has-post-thumbnail","6":"product_cat-descafeinados","7":"product_cat-origenes-puros","9":"first","10":"instock","11":"taxable","12":"shipping-taxable","13":"purchasable","14":"product-type-variable"},"yoast_head":"<!-- This site is optimized with the Yoast SEO plugin v26.0 - https:\/\/yoast.com\/wordpress\/plugins\/seo\/ -->\n<title>M\u00e9xico Ar\u00e1bica Descafeinado - Caf\u00e9s Las Antillas Campos<\/title>\n<meta name=\"robots\" content=\"index, follow, max-snippet:-1, max-image-preview:large, max-video-preview:-1\" \/>\n<link rel=\"canonical\" href=\"https:\/\/cafesantillascampos.com\/de\/nuestros-caf\u00e9s\/mexico-arabica-descafeinado\/\" \/>\n<meta property=\"og:locale\" content=\"de_DE\" \/>\n<meta property=\"og:type\" content=\"article\" \/>\n<meta property=\"og:title\" content=\"M\u00e9xico Ar\u00e1bica Descafeinado - Caf\u00e9s Las Antillas Campos\" \/>\n<meta property=\"og:description\" content=\"Caf\u00e9 100% Ar\u00e1bica, descafeinado para que usted pueda disfrutar del sabor del caf\u00e9 puro, previamente descafeinado y a pesar de ello se intenta conseguir las cualidades del mejor caf\u00e9 Ar\u00e1bica.\" \/>\n<meta property=\"og:url\" content=\"https:\/\/cafesantillascampos.com\/de\/nuestros-caf\u00e9s\/mexico-arabica-descafeinado\/\" \/>\n<meta property=\"og:site_name\" content=\"Caf\u00e9s Las Antillas Campos\" \/>\n<meta property=\"article:publisher\" content=\"https:\/\/www.facebook.com\/cafesantillas\/\" \/>\n<meta property=\"article:modified_time\" content=\"2025-12-02T14:56:19+00:00\" \/>\n<meta property=\"og:image\" content=\"https:\/\/cafesantillascampos.com\/wp-content\/uploads\/2021\/01\/Cafe_Descafeinado_Seleccion-1.png\" \/>\n\t<meta property=\"og:image:width\" content=\"1024\" \/>\n\t<meta property=\"og:image:height\" content=\"1024\" \/>\n\t<meta property=\"og:image:type\" content=\"image\/png\" \/>\n<meta name=\"twitter:card\" content=\"summary_large_image\" \/>\n<script type=\"application\/ld+json\" class=\"yoast-schema-graph\">{\"@context\":\"https:\/\/schema.org\",\"@graph\":[{\"@type\":\"WebPage\",\"@id\":\"https:\/\/cafesantillascampos.com\/de\/nuestros-caf\u00e9s\/mexico-arabica-descafeinado\/\",\"url\":\"https:\/\/cafesantillascampos.com\/de\/nuestros-caf\u00e9s\/mexico-arabica-descafeinado\/\",\"name\":\"M\u00e9xico Ar\u00e1bica Descafeinado - Caf\u00e9s Las Antillas Campos\",\"isPartOf\":{\"@id\":\"https:\/\/cafesantillascampos.com\/#website\"},\"primaryImageOfPage\":{\"@id\":\"https:\/\/cafesantillascampos.com\/de\/nuestros-caf\u00e9s\/mexico-arabica-descafeinado\/#primaryimage\"},\"image\":{\"@id\":\"https:\/\/cafesantillascampos.com\/de\/nuestros-caf\u00e9s\/mexico-arabica-descafeinado\/#primaryimage\"},\"thumbnailUrl\":\"https:\/\/cafesantillascampos.com\/wp-content\/uploads\/2021\/01\/Cafe_Descafeinado_Seleccion-1.png\",\"datePublished\":\"2021-01-28T09:53:25+00:00\",\"dateModified\":\"2025-12-02T14:56:19+00:00\",\"breadcrumb\":{\"@id\":\"https:\/\/cafesantillascampos.com\/de\/nuestros-caf\u00e9s\/mexico-arabica-descafeinado\/#breadcrumb\"},\"inLanguage\":\"de\",\"potentialAction\":[{\"@type\":\"ReadAction\",\"target\":[\"https:\/\/cafesantillascampos.com\/de\/nuestros-caf\u00e9s\/mexico-arabica-descafeinado\/\"]}]},{\"@type\":\"ImageObject\",\"inLanguage\":\"de\",\"@id\":\"https:\/\/cafesantillascampos.com\/de\/nuestros-caf\u00e9s\/mexico-arabica-descafeinado\/#primaryimage\",\"url\":\"https:\/\/cafesantillascampos.com\/wp-content\/uploads\/2021\/01\/Cafe_Descafeinado_Seleccion-1.png\",\"contentUrl\":\"https:\/\/cafesantillascampos.com\/wp-content\/uploads\/2021\/01\/Cafe_Descafeinado_Seleccion-1.png\",\"width\":1024,\"height\":1024,\"caption\":\"Caf\u00e9 Selecci\u00f3n Descafeinado Las Antillas - Campos\"},{\"@type\":\"BreadcrumbList\",\"@id\":\"https:\/\/cafesantillascampos.com\/de\/nuestros-caf\u00e9s\/mexico-arabica-descafeinado\/#breadcrumb\",\"itemListElement\":[{\"@type\":\"ListItem\",\"position\":1,\"name\":\"Portada\",\"item\":\"https:\/\/cafesantillascampos.com\/\"},{\"@type\":\"ListItem\",\"position\":2,\"name\":\"Tienda\",\"item\":\"https:\/\/cafesantillascampos.com\/tienda\/\"},{\"@type\":\"ListItem\",\"position\":3,\"name\":\"M\u00e9xico Ar\u00e1bica Descafeinado\"}]},{\"@type\":\"WebSite\",\"@id\":\"https:\/\/cafesantillascampos.com\/#website\",\"url\":\"https:\/\/cafesantillascampos.com\/\",\"name\":\"Caf\u00e9s Las Antillas Campos\",\"description\":\"Tostadero de Caf\u00e9 Las Antillas - Campos. Desde 1922.\",\"publisher\":{\"@id\":\"https:\/\/cafesantillascampos.com\/#organization\"},\"potentialAction\":[{\"@type\":\"SearchAction\",\"target\":{\"@type\":\"EntryPoint\",\"urlTemplate\":\"https:\/\/cafesantillascampos.com\/?s={search_term_string}\"},\"query-input\":{\"@type\":\"PropertyValueSpecification\",\"valueRequired\":true,\"valueName\":\"search_term_string\"}}],\"inLanguage\":\"de\"},{\"@type\":\"Organization\",\"@id\":\"https:\/\/cafesantillascampos.com\/#organization\",\"name\":\"Caf\u00e9s Las Antillas - Campos\",\"url\":\"https:\/\/cafesantillascampos.com\/\",\"logo\":{\"@type\":\"ImageObject\",\"inLanguage\":\"de\",\"@id\":\"https:\/\/cafesantillascampos.com\/#\/schema\/logo\/image\/\",\"url\":\"https:\/\/cafesantillascampos.com\/wp-content\/uploads\/2021\/02\/Logotipo_Web_001.png\",\"contentUrl\":\"https:\/\/cafesantillascampos.com\/wp-content\/uploads\/2021\/02\/Logotipo_Web_001.png\",\"width\":1920,\"height\":374,\"caption\":\"Caf\u00e9s Las Antillas - Campos\"},\"image\":{\"@id\":\"https:\/\/cafesantillascampos.com\/#\/schema\/logo\/image\/\"},\"sameAs\":[\"https:\/\/www.facebook.com\/cafesantillas\/\",\"https:\/\/www.instagram.com\/cafes_las_antillas_campos\/\"]}]}<\/script>\n<!-- \/ Yoast SEO plugin. -->","yoast_head_json":{"title":"M\u00e9xico Ar\u00e1bica Descafeinado - Caf\u00e9s Las Antillas Campos","robots":{"index":"index","follow":"follow","max-snippet":"max-snippet:-1","max-image-preview":"max-image-preview:large","max-video-preview":"max-video-preview:-1"},"canonical":"https:\/\/cafesantillascampos.com\/de\/nuestros-caf\u00e9s\/mexico-arabica-descafeinado\/","og_locale":"de_DE","og_type":"article","og_title":"M\u00e9xico Ar\u00e1bica Descafeinado - Caf\u00e9s Las Antillas Campos","og_description":"Caf\u00e9 100% Ar\u00e1bica, descafeinado para que usted pueda disfrutar del sabor del caf\u00e9 puro, previamente descafeinado y a pesar de ello se intenta conseguir las cualidades del mejor caf\u00e9 Ar\u00e1bica.","og_url":"https:\/\/cafesantillascampos.com\/de\/nuestros-caf\u00e9s\/mexico-arabica-descafeinado\/","og_site_name":"Caf\u00e9s Las Antillas Campos","article_publisher":"https:\/\/www.facebook.com\/cafesantillas\/","article_modified_time":"2025-12-02T14:56:19+00:00","og_image":[{"width":1024,"height":1024,"url":"https:\/\/cafesantillascampos.com\/wp-content\/uploads\/2021\/01\/Cafe_Descafeinado_Seleccion-1.png","type":"image\/png"}],"twitter_card":"summary_large_image","schema":{"@context":"https:\/\/schema.org","@graph":[{"@type":"WebPage","@id":"https:\/\/cafesantillascampos.com\/de\/nuestros-caf\u00e9s\/mexico-arabica-descafeinado\/","url":"https:\/\/cafesantillascampos.com\/de\/nuestros-caf\u00e9s\/mexico-arabica-descafeinado\/","name":"M\u00e9xico Ar\u00e1bica Descafeinado - Caf\u00e9s Las Antillas Campos","isPartOf":{"@id":"https:\/\/cafesantillascampos.com\/#website"},"primaryImageOfPage":{"@id":"https:\/\/cafesantillascampos.com\/de\/nuestros-caf\u00e9s\/mexico-arabica-descafeinado\/#primaryimage"},"image":{"@id":"https:\/\/cafesantillascampos.com\/de\/nuestros-caf\u00e9s\/mexico-arabica-descafeinado\/#primaryimage"},"thumbnailUrl":"https:\/\/cafesantillascampos.com\/wp-content\/uploads\/2021\/01\/Cafe_Descafeinado_Seleccion-1.png","datePublished":"2021-01-28T09:53:25+00:00","dateModified":"2025-12-02T14:56:19+00:00","breadcrumb":{"@id":"https:\/\/cafesantillascampos.com\/de\/nuestros-caf\u00e9s\/mexico-arabica-descafeinado\/#breadcrumb"},"inLanguage":"de","potentialAction":[{"@type":"ReadAction","target":["https:\/\/cafesantillascampos.com\/de\/nuestros-caf\u00e9s\/mexico-arabica-descafeinado\/"]}]},{"@type":"ImageObject","inLanguage":"de","@id":"https:\/\/cafesantillascampos.com\/de\/nuestros-caf\u00e9s\/mexico-arabica-descafeinado\/#primaryimage","url":"https:\/\/cafesantillascampos.com\/wp-content\/uploads\/2021\/01\/Cafe_Descafeinado_Seleccion-1.png","contentUrl":"https:\/\/cafesantillascampos.com\/wp-content\/uploads\/2021\/01\/Cafe_Descafeinado_Seleccion-1.png","width":1024,"height":1024,"caption":"Caf\u00e9 Selecci\u00f3n Descafeinado Las Antillas - Campos"},{"@type":"BreadcrumbList","@id":"https:\/\/cafesantillascampos.com\/de\/nuestros-caf\u00e9s\/mexico-arabica-descafeinado\/#breadcrumb","itemListElement":[{"@type":"ListItem","position":1,"name":"Portada","item":"https:\/\/cafesantillascampos.com\/"},{"@type":"ListItem","position":2,"name":"Tienda","item":"https:\/\/cafesantillascampos.com\/tienda\/"},{"@type":"ListItem","position":3,"name":"M\u00e9xico Ar\u00e1bica Descafeinado"}]},{"@type":"WebSite","@id":"https:\/\/cafesantillascampos.com\/#website","url":"https:\/\/cafesantillascampos.com\/","name":"Caf\u00e9s Las Antillas Campos","description":"Tostadero de Caf\u00e9 Las Antillas - Campos. Desde 1922.","publisher":{"@id":"https:\/\/cafesantillascampos.com\/#organization"},"potentialAction":[{"@type":"SearchAction","target":{"@type":"EntryPoint","urlTemplate":"https:\/\/cafesantillascampos.com\/?s={search_term_string}"},"query-input":{"@type":"PropertyValueSpecification","valueRequired":true,"valueName":"search_term_string"}}],"inLanguage":"de"},{"@type":"Organization","@id":"https:\/\/cafesantillascampos.com\/#organization","name":"Caf\u00e9s Las Antillas - Campos","url":"https:\/\/cafesantillascampos.com\/","logo":{"@type":"ImageObject","inLanguage":"de","@id":"https:\/\/cafesantillascampos.com\/#\/schema\/logo\/image\/","url":"https:\/\/cafesantillascampos.com\/wp-content\/uploads\/2021\/02\/Logotipo_Web_001.png","contentUrl":"https:\/\/cafesantillascampos.com\/wp-content\/uploads\/2021\/02\/Logotipo_Web_001.png","width":1920,"height":374,"caption":"Caf\u00e9s Las Antillas - Campos"},"image":{"@id":"https:\/\/cafesantillascampos.com\/#\/schema\/logo\/image\/"},"sameAs":["https:\/\/www.facebook.com\/cafesantillas\/","https:\/\/www.instagram.com\/cafes_las_antillas_campos\/"]}]}},"_links":{"self":[{"href":"https:\/\/cafesantillascampos.com\/de\/wp-json\/wp\/v2\/product\/270","targetHints":{"allow":["GET"]}}],"collection":[{"href":"https:\/\/cafesantillascampos.com\/de\/wp-json\/wp\/v2\/product"}],"about":[{"href":"https:\/\/cafesantillascampos.com\/de\/wp-json\/wp\/v2\/types\/product"}],"replies":[{"embeddable":true,"href":"https:\/\/cafesantillascampos.com\/de\/wp-json\/wp\/v2\/comments?post=270"}],"wp:featuredmedia":[{"embeddable":true,"href":"https:\/\/cafesantillascampos.com\/de\/wp-json\/wp\/v2\/media\/788"}],"wp:attachment":[{"href":"https:\/\/cafesantillascampos.com\/de\/wp-json\/wp\/v2\/media?parent=270"}],"wp:term":[{"taxonomy":"product_brand","embeddable":true,"href":"https:\/\/cafesantillascampos.com\/de\/wp-json\/wp\/v2\/product_brand?post=270"},{"taxonomy":"product_cat","embeddable":true,"href":"https:\/\/cafesantillascampos.com\/de\/wp-json\/wp\/v2\/product_cat?post=270"},{"taxonomy":"product_tag","embeddable":true,"href":"https:\/\/cafesantillascampos.com\/de\/wp-json\/wp\/v2\/product_tag?post=270"}],"curies":[{"name":"wp","href":"https:\/\/api.w.org\/{rel}","templated":true}]}}