{"id":235,"date":"2021-01-28T10:53:16","date_gmt":"2021-01-28T09:53:16","guid":{"rendered":"https:\/\/cafesantillascampos.com\/producto\/import-placeholder-for-116\/"},"modified":"2025-09-24T09:27:53","modified_gmt":"2025-09-24T07:27:53","slug":"seleccion-arabica-100","status":"publish","type":"product","link":"https:\/\/cafesantillascampos.com\/de\/nuestros-caf\u00e9s\/seleccion-arabica-100\/","title":{"rendered":"Auswahl (Arabica-100%)"},"content":{"rendered":"<div class=\"woocommerce-product-details__short-description\">\n<p>Caf\u00e9 100% natural. En el interior de este envase encontrar\u00e1 una selecci\u00f3n de un grupo de caf\u00e9s de los denominados Ar\u00e1bica Gourmet que Caf\u00e9s Las Antillas \u2013 Campos tuesta en su punto exacto, para que usted disfrute de un producto con un nivel de calidad, que s\u00f3lo unos pocos podemos ofrecer.<\/p>\n<\/div>","protected":false},"excerpt":{"rendered":"<p>100% Nat\u00fcrliche Kaffee. In diesem container werden Sie finden, w\u00e4hlen Sie eine Gruppe von Caf\u00e9s in der sogenannten Arabica-Gourmet-Kaffees Antillen \u2013 Felder toast in Ihr genau an der Stelle, die Sie genie\u00dfen k\u00f6nnen ein Produkt mit einer Qualit\u00e4t, die nur wenige anbieten k\u00f6nnen.<\/p>","protected":false},"featured_media":787,"comment_status":"open","ping_status":"closed","template":"","meta":{"_jet_sm_ready_style":"","_jet_sm_style":"","_jet_sm_controls_values":"","_jet_sm_fonts_collection":"","_jet_sm_fonts_links":"","_joinchat":[]},"product_brand":[],"product_cat":[41],"product_tag":[],"class_list":{"0":"post-235","1":"product","2":"type-product","3":"status-publish","4":"has-post-thumbnail","6":"product_cat-origenes-puros","8":"first","9":"instock","10":"taxable","11":"shipping-taxable","12":"purchasable","13":"product-type-variable"},"yoast_head":"<!-- This site is optimized with the Yoast SEO plugin v26.0 - https:\/\/yoast.com\/wordpress\/plugins\/seo\/ -->\n<title>Selecci\u00f3n (Ar\u00e1bica 100%) - Caf\u00e9s Las Antillas Campos<\/title>\n<meta name=\"robots\" content=\"index, follow, max-snippet:-1, max-image-preview:large, max-video-preview:-1\" \/>\n<link rel=\"canonical\" href=\"https:\/\/cafesantillascampos.com\/de\/nuestros-caf\u00e9s\/seleccion-arabica-100\/\" \/>\n<meta property=\"og:locale\" content=\"de_DE\" \/>\n<meta property=\"og:type\" content=\"article\" \/>\n<meta property=\"og:title\" content=\"Selecci\u00f3n (Ar\u00e1bica 100%) - Caf\u00e9s Las Antillas Campos\" \/>\n<meta property=\"og:description\" content=\"Caf\u00e9 100% natural. En el interior de este envase encontrar\u00e1 lo m\u00e1s selecto de un grupo de caf\u00e9s de los denominados Ar\u00e1bica Gourmet que Caf\u00e9s Las Antillas \u2013 Campos tuesta en su punto exacto, para que usted disfrute de un producto con un nivel de calidad, que s\u00f3lo unos pocos podemos ofrecer.\" \/>\n<meta property=\"og:url\" content=\"https:\/\/cafesantillascampos.com\/de\/nuestros-caf\u00e9s\/seleccion-arabica-100\/\" \/>\n<meta property=\"og:site_name\" content=\"Caf\u00e9s Las Antillas Campos\" \/>\n<meta property=\"article:publisher\" content=\"https:\/\/www.facebook.com\/cafesantillas\/\" \/>\n<meta property=\"article:modified_time\" content=\"2025-09-24T07:27:53+00:00\" \/>\n<meta property=\"og:image\" content=\"https:\/\/cafesantillascampos.com\/wp-content\/uploads\/2021\/01\/Cafe_Seleccion.png\" \/>\n\t<meta property=\"og:image:width\" content=\"1024\" \/>\n\t<meta property=\"og:image:height\" content=\"1024\" \/>\n\t<meta property=\"og:image:type\" content=\"image\/png\" \/>\n<meta name=\"twitter:card\" content=\"summary_large_image\" \/>\n<script type=\"application\/ld+json\" class=\"yoast-schema-graph\">{\"@context\":\"https:\/\/schema.org\",\"@graph\":[{\"@type\":\"WebPage\",\"@id\":\"https:\/\/cafesantillascampos.com\/nuestros-caf\u00e9s\/seleccion-arabica-100\/\",\"url\":\"https:\/\/cafesantillascampos.com\/nuestros-caf\u00e9s\/seleccion-arabica-100\/\",\"name\":\"Selecci\u00f3n (Ar\u00e1bica 100%) - Caf\u00e9s Las Antillas Campos\",\"isPartOf\":{\"@id\":\"https:\/\/cafesantillascampos.com\/#website\"},\"primaryImageOfPage\":{\"@id\":\"https:\/\/cafesantillascampos.com\/nuestros-caf\u00e9s\/seleccion-arabica-100\/#primaryimage\"},\"image\":{\"@id\":\"https:\/\/cafesantillascampos.com\/nuestros-caf\u00e9s\/seleccion-arabica-100\/#primaryimage\"},\"thumbnailUrl\":\"https:\/\/cafesantillascampos.com\/wp-content\/uploads\/2021\/01\/Cafe_Seleccion.png\",\"datePublished\":\"2021-01-28T09:53:16+00:00\",\"dateModified\":\"2025-09-24T07:27:53+00:00\",\"breadcrumb\":{\"@id\":\"https:\/\/cafesantillascampos.com\/nuestros-caf\u00e9s\/seleccion-arabica-100\/#breadcrumb\"},\"inLanguage\":\"de\",\"potentialAction\":[{\"@type\":\"ReadAction\",\"target\":[\"https:\/\/cafesantillascampos.com\/nuestros-caf\u00e9s\/seleccion-arabica-100\/\"]}]},{\"@type\":\"ImageObject\",\"inLanguage\":\"de\",\"@id\":\"https:\/\/cafesantillascampos.com\/nuestros-caf\u00e9s\/seleccion-arabica-100\/#primaryimage\",\"url\":\"https:\/\/cafesantillascampos.com\/wp-content\/uploads\/2021\/01\/Cafe_Seleccion.png\",\"contentUrl\":\"https:\/\/cafesantillascampos.com\/wp-content\/uploads\/2021\/01\/Cafe_Seleccion.png\",\"width\":1024,\"height\":1024,\"caption\":\"Caf\u00e9 Selecci\u00f3n Las Antillas - Campos\"},{\"@type\":\"BreadcrumbList\",\"@id\":\"https:\/\/cafesantillascampos.com\/nuestros-caf\u00e9s\/seleccion-arabica-100\/#breadcrumb\",\"itemListElement\":[{\"@type\":\"ListItem\",\"position\":1,\"name\":\"Portada\",\"item\":\"https:\/\/cafesantillascampos.com\/\"},{\"@type\":\"ListItem\",\"position\":2,\"name\":\"Tienda\",\"item\":\"https:\/\/cafesantillascampos.com\/tienda\/\"},{\"@type\":\"ListItem\",\"position\":3,\"name\":\"Selecci\u00f3n (Ar\u00e1bica 100%)\"}]},{\"@type\":\"WebSite\",\"@id\":\"https:\/\/cafesantillascampos.com\/#website\",\"url\":\"https:\/\/cafesantillascampos.com\/\",\"name\":\"Caf\u00e9s Las Antillas Campos\",\"description\":\"Tostadero de Caf\u00e9 Las Antillas - Campos. Desde 1922.\",\"publisher\":{\"@id\":\"https:\/\/cafesantillascampos.com\/#organization\"},\"potentialAction\":[{\"@type\":\"SearchAction\",\"target\":{\"@type\":\"EntryPoint\",\"urlTemplate\":\"https:\/\/cafesantillascampos.com\/?s={search_term_string}\"},\"query-input\":{\"@type\":\"PropertyValueSpecification\",\"valueRequired\":true,\"valueName\":\"search_term_string\"}}],\"inLanguage\":\"de\"},{\"@type\":\"Organization\",\"@id\":\"https:\/\/cafesantillascampos.com\/#organization\",\"name\":\"Caf\u00e9s Las Antillas - Campos\",\"url\":\"https:\/\/cafesantillascampos.com\/\",\"logo\":{\"@type\":\"ImageObject\",\"inLanguage\":\"de\",\"@id\":\"https:\/\/cafesantillascampos.com\/#\/schema\/logo\/image\/\",\"url\":\"https:\/\/cafesantillascampos.com\/wp-content\/uploads\/2021\/02\/Logotipo_Web_001.png\",\"contentUrl\":\"https:\/\/cafesantillascampos.com\/wp-content\/uploads\/2021\/02\/Logotipo_Web_001.png\",\"width\":1920,\"height\":374,\"caption\":\"Caf\u00e9s Las Antillas - Campos\"},\"image\":{\"@id\":\"https:\/\/cafesantillascampos.com\/#\/schema\/logo\/image\/\"},\"sameAs\":[\"https:\/\/www.facebook.com\/cafesantillas\/\",\"https:\/\/www.instagram.com\/cafes_las_antillas_campos\/\"]}]}<\/script>\n<!-- \/ Yoast SEO plugin. -->","yoast_head_json":{"title":"Selecci\u00f3n (Ar\u00e1bica 100%) - Caf\u00e9s Las Antillas Campos","robots":{"index":"index","follow":"follow","max-snippet":"max-snippet:-1","max-image-preview":"max-image-preview:large","max-video-preview":"max-video-preview:-1"},"canonical":"https:\/\/cafesantillascampos.com\/de\/nuestros-caf\u00e9s\/seleccion-arabica-100\/","og_locale":"de_DE","og_type":"article","og_title":"Selecci\u00f3n (Ar\u00e1bica 100%) - Caf\u00e9s Las Antillas Campos","og_description":"Caf\u00e9 100% natural. En el interior de este envase encontrar\u00e1 lo m\u00e1s selecto de un grupo de caf\u00e9s de los denominados Ar\u00e1bica Gourmet que Caf\u00e9s Las Antillas \u2013 Campos tuesta en su punto exacto, para que usted disfrute de un producto con un nivel de calidad, que s\u00f3lo unos pocos podemos ofrecer.","og_url":"https:\/\/cafesantillascampos.com\/de\/nuestros-caf\u00e9s\/seleccion-arabica-100\/","og_site_name":"Caf\u00e9s Las Antillas Campos","article_publisher":"https:\/\/www.facebook.com\/cafesantillas\/","article_modified_time":"2025-09-24T07:27:53+00:00","og_image":[{"width":1024,"height":1024,"url":"https:\/\/cafesantillascampos.com\/wp-content\/uploads\/2021\/01\/Cafe_Seleccion.png","type":"image\/png"}],"twitter_card":"summary_large_image","schema":{"@context":"https:\/\/schema.org","@graph":[{"@type":"WebPage","@id":"https:\/\/cafesantillascampos.com\/nuestros-caf\u00e9s\/seleccion-arabica-100\/","url":"https:\/\/cafesantillascampos.com\/nuestros-caf\u00e9s\/seleccion-arabica-100\/","name":"Selecci\u00f3n (Ar\u00e1bica 100%) - Caf\u00e9s Las Antillas Campos","isPartOf":{"@id":"https:\/\/cafesantillascampos.com\/#website"},"primaryImageOfPage":{"@id":"https:\/\/cafesantillascampos.com\/nuestros-caf\u00e9s\/seleccion-arabica-100\/#primaryimage"},"image":{"@id":"https:\/\/cafesantillascampos.com\/nuestros-caf\u00e9s\/seleccion-arabica-100\/#primaryimage"},"thumbnailUrl":"https:\/\/cafesantillascampos.com\/wp-content\/uploads\/2021\/01\/Cafe_Seleccion.png","datePublished":"2021-01-28T09:53:16+00:00","dateModified":"2025-09-24T07:27:53+00:00","breadcrumb":{"@id":"https:\/\/cafesantillascampos.com\/nuestros-caf\u00e9s\/seleccion-arabica-100\/#breadcrumb"},"inLanguage":"de","potentialAction":[{"@type":"ReadAction","target":["https:\/\/cafesantillascampos.com\/nuestros-caf\u00e9s\/seleccion-arabica-100\/"]}]},{"@type":"ImageObject","inLanguage":"de","@id":"https:\/\/cafesantillascampos.com\/nuestros-caf\u00e9s\/seleccion-arabica-100\/#primaryimage","url":"https:\/\/cafesantillascampos.com\/wp-content\/uploads\/2021\/01\/Cafe_Seleccion.png","contentUrl":"https:\/\/cafesantillascampos.com\/wp-content\/uploads\/2021\/01\/Cafe_Seleccion.png","width":1024,"height":1024,"caption":"Caf\u00e9 Selecci\u00f3n Las Antillas - Campos"},{"@type":"BreadcrumbList","@id":"https:\/\/cafesantillascampos.com\/nuestros-caf\u00e9s\/seleccion-arabica-100\/#breadcrumb","itemListElement":[{"@type":"ListItem","position":1,"name":"Portada","item":"https:\/\/cafesantillascampos.com\/"},{"@type":"ListItem","position":2,"name":"Tienda","item":"https:\/\/cafesantillascampos.com\/tienda\/"},{"@type":"ListItem","position":3,"name":"Selecci\u00f3n (Ar\u00e1bica 100%)"}]},{"@type":"WebSite","@id":"https:\/\/cafesantillascampos.com\/#website","url":"https:\/\/cafesantillascampos.com\/","name":"Caf\u00e9s Las Antillas Campos","description":"Tostadero de Caf\u00e9 Las Antillas - Campos. Desde 1922.","publisher":{"@id":"https:\/\/cafesantillascampos.com\/#organization"},"potentialAction":[{"@type":"SearchAction","target":{"@type":"EntryPoint","urlTemplate":"https:\/\/cafesantillascampos.com\/?s={search_term_string}"},"query-input":{"@type":"PropertyValueSpecification","valueRequired":true,"valueName":"search_term_string"}}],"inLanguage":"de"},{"@type":"Organization","@id":"https:\/\/cafesantillascampos.com\/#organization","name":"Caf\u00e9s Las Antillas - Campos","url":"https:\/\/cafesantillascampos.com\/","logo":{"@type":"ImageObject","inLanguage":"de","@id":"https:\/\/cafesantillascampos.com\/#\/schema\/logo\/image\/","url":"https:\/\/cafesantillascampos.com\/wp-content\/uploads\/2021\/02\/Logotipo_Web_001.png","contentUrl":"https:\/\/cafesantillascampos.com\/wp-content\/uploads\/2021\/02\/Logotipo_Web_001.png","width":1920,"height":374,"caption":"Caf\u00e9s Las Antillas - Campos"},"image":{"@id":"https:\/\/cafesantillascampos.com\/#\/schema\/logo\/image\/"},"sameAs":["https:\/\/www.facebook.com\/cafesantillas\/","https:\/\/www.instagram.com\/cafes_las_antillas_campos\/"]}]}},"_links":{"self":[{"href":"https:\/\/cafesantillascampos.com\/de\/wp-json\/wp\/v2\/product\/235","targetHints":{"allow":["GET"]}}],"collection":[{"href":"https:\/\/cafesantillascampos.com\/de\/wp-json\/wp\/v2\/product"}],"about":[{"href":"https:\/\/cafesantillascampos.com\/de\/wp-json\/wp\/v2\/types\/product"}],"replies":[{"embeddable":true,"href":"https:\/\/cafesantillascampos.com\/de\/wp-json\/wp\/v2\/comments?post=235"}],"wp:featuredmedia":[{"embeddable":true,"href":"https:\/\/cafesantillascampos.com\/de\/wp-json\/wp\/v2\/media\/787"}],"wp:attachment":[{"href":"https:\/\/cafesantillascampos.com\/de\/wp-json\/wp\/v2\/media?parent=235"}],"wp:term":[{"taxonomy":"product_brand","embeddable":true,"href":"https:\/\/cafesantillascampos.com\/de\/wp-json\/wp\/v2\/product_brand?post=235"},{"taxonomy":"product_cat","embeddable":true,"href":"https:\/\/cafesantillascampos.com\/de\/wp-json\/wp\/v2\/product_cat?post=235"},{"taxonomy":"product_tag","embeddable":true,"href":"https:\/\/cafesantillascampos.com\/de\/wp-json\/wp\/v2\/product_tag?post=235"}],"curies":[{"name":"wp","href":"https:\/\/api.w.org\/{rel}","templated":true}]}}