{"id":696,"date":"2021-02-04T12:30:22","date_gmt":"2021-02-04T11:30:22","guid":{"rendered":"https:\/\/cafesantillascampos.com\/?page_id=696"},"modified":"2021-04-08T08:21:38","modified_gmt":"2021-04-08T06:21:38","slug":"politica-de-devolucion-y-reembolso","status":"publish","type":"page","link":"https:\/\/cafesantillascampos.com\/de\/politica-de-devolucion-y-reembolso\/","title":{"rendered":"R\u00fcckkehr und R\u00fcckerstattung-Politik"},"content":{"rendered":"<div data-elementor-type=\"wp-page\" data-elementor-id=\"696\" class=\"elementor elementor-696\" data-elementor-post-type=\"page\">\n\t\t\t\t\t\t<section class=\"ob-is-breaking-bad elementor-section elementor-top-section elementor-element elementor-element-ce7e322 elementor-section-height-min-height elementor-section-full_width elementor-section-stretched elementor-section-height-default elementor-section-items-middle\" data-id=\"ce7e322\" data-element_type=\"section\" data-settings=\"{&quot;jet_parallax_layout_list&quot;:[{&quot;jet_parallax_layout_image&quot;:{&quot;url&quot;:&quot;&quot;,&quot;id&quot;:&quot;&quot;,&quot;size&quot;:&quot;&quot;},&quot;_id&quot;:&quot;891d89f&quot;,&quot;jet_parallax_layout_image_tablet&quot;:{&quot;url&quot;:&quot;&quot;,&quot;id&quot;:&quot;&quot;,&quot;size&quot;:&quot;&quot;},&quot;jet_parallax_layout_image_mobile&quot;:{&quot;url&quot;:&quot;&quot;,&quot;id&quot;:&quot;&quot;,&quot;size&quot;:&quot;&quot;},&quot;jet_parallax_layout_speed&quot;:{&quot;unit&quot;:&quot;%&quot;,&quot;size&quot;:50,&quot;sizes&quot;:[]},&quot;jet_parallax_layout_type&quot;:&quot;scroll&quot;,&quot;jet_parallax_layout_direction&quot;:&quot;1&quot;,&quot;jet_parallax_layout_fx_direction&quot;:null,&quot;jet_parallax_layout_z_index&quot;:&quot;&quot;,&quot;jet_parallax_layout_bg_x&quot;:50,&quot;jet_parallax_layout_bg_x_tablet&quot;:&quot;&quot;,&quot;jet_parallax_layout_bg_x_mobile&quot;:&quot;&quot;,&quot;jet_parallax_layout_bg_y&quot;:50,&quot;jet_parallax_layout_bg_y_tablet&quot;:&quot;&quot;,&quot;jet_parallax_layout_bg_y_mobile&quot;:&quot;&quot;,&quot;jet_parallax_layout_bg_size&quot;:&quot;auto&quot;,&quot;jet_parallax_layout_bg_size_tablet&quot;:&quot;&quot;,&quot;jet_parallax_layout_bg_size_mobile&quot;:&quot;&quot;,&quot;jet_parallax_layout_animation_prop&quot;:&quot;transform&quot;,&quot;jet_parallax_layout_on&quot;:[&quot;desktop&quot;,&quot;tablet&quot;]}],&quot;background_background&quot;:&quot;classic&quot;,&quot;stretch_section&quot;:&quot;section-stretched&quot;,&quot;_ob_bbad_use_it&quot;:&quot;yes&quot;,&quot;_ob_bbad_sssic_use&quot;:&quot;no&quot;,&quot;_ob_glider_is_slider&quot;:&quot;no&quot;}\">\n\t\t\t\t\t\t\t<div class=\"elementor-background-overlay\"><\/div>\n\t\t\t\t\t\t\t<div class=\"elementor-container elementor-column-gap-no\">\n\t\t\t\t\t<div class=\"elementor-column elementor-col-100 elementor-top-column elementor-element elementor-element-1b82fe5\" data-id=\"1b82fe5\" data-element_type=\"column\" data-settings=\"{&quot;_ob_bbad_is_stalker&quot;:&quot;no&quot;,&quot;_ob_teleporter_use&quot;:false,&quot;_ob_column_hoveranimator&quot;:&quot;no&quot;,&quot;_ob_column_has_pseudo&quot;:&quot;no&quot;}\">\n\t\t\t<div class=\"elementor-widget-wrap elementor-element-populated\">\n\t\t\t\t\t\t<div class=\"elementor-element elementor-element-701ce94 ob-harakiri-inherit ob-has-background-overlay elementor-widget elementor-widget-heading\" data-id=\"701ce94\" data-element_type=\"widget\" data-settings=\"{&quot;_ob_use_harakiri&quot;:&quot;yes&quot;,&quot;_ob_harakiri_writing_mode&quot;:&quot;inherit&quot;,&quot;_ob_harakiri_text_clip&quot;:&quot;none&quot;,&quot;_ob_perspektive_use&quot;:&quot;no&quot;,&quot;_ob_poopart_use&quot;:&quot;yes&quot;,&quot;_ob_shadough_use&quot;:&quot;no&quot;,&quot;_ob_allow_hoveranimator&quot;:&quot;no&quot;,&quot;_ob_widget_stalker_use&quot;:&quot;no&quot;}\" data-widget_type=\"heading.default\">\n\t\t\t\t<div class=\"elementor-widget-container\">\n\t\t\t\t\t<h2 class=\"elementor-heading-title elementor-size-default\">R\u00fcckkehr und R\u00fcckerstattung-Politik<\/h2>\t\t\t\t<\/div>\n\t\t\t\t<\/div>\n\t\t\t\t\t<\/div>\n\t\t<\/div>\n\t\t\t\t\t<\/div>\n\t\t<\/section>\n\t\t\t\t<section class=\"ob-is-breaking-bad elementor-section elementor-top-section elementor-element elementor-element-9a3b438 elementor-section-boxed elementor-section-height-default elementor-section-height-default\" data-id=\"9a3b438\" data-element_type=\"section\" data-settings=\"{&quot;jet_parallax_layout_list&quot;:[{&quot;jet_parallax_layout_image&quot;:{&quot;url&quot;:&quot;&quot;,&quot;id&quot;:&quot;&quot;,&quot;size&quot;:&quot;&quot;},&quot;_id&quot;:&quot;c9248e7&quot;,&quot;jet_parallax_layout_image_tablet&quot;:{&quot;url&quot;:&quot;&quot;,&quot;id&quot;:&quot;&quot;,&quot;size&quot;:&quot;&quot;},&quot;jet_parallax_layout_image_mobile&quot;:{&quot;url&quot;:&quot;&quot;,&quot;id&quot;:&quot;&quot;,&quot;size&quot;:&quot;&quot;},&quot;jet_parallax_layout_speed&quot;:{&quot;unit&quot;:&quot;%&quot;,&quot;size&quot;:50,&quot;sizes&quot;:[]},&quot;jet_parallax_layout_type&quot;:&quot;scroll&quot;,&quot;jet_parallax_layout_direction&quot;:&quot;1&quot;,&quot;jet_parallax_layout_fx_direction&quot;:null,&quot;jet_parallax_layout_z_index&quot;:&quot;&quot;,&quot;jet_parallax_layout_bg_x&quot;:50,&quot;jet_parallax_layout_bg_x_tablet&quot;:&quot;&quot;,&quot;jet_parallax_layout_bg_x_mobile&quot;:&quot;&quot;,&quot;jet_parallax_layout_bg_y&quot;:50,&quot;jet_parallax_layout_bg_y_tablet&quot;:&quot;&quot;,&quot;jet_parallax_layout_bg_y_mobile&quot;:&quot;&quot;,&quot;jet_parallax_layout_bg_size&quot;:&quot;auto&quot;,&quot;jet_parallax_layout_bg_size_tablet&quot;:&quot;&quot;,&quot;jet_parallax_layout_bg_size_mobile&quot;:&quot;&quot;,&quot;jet_parallax_layout_animation_prop&quot;:&quot;transform&quot;,&quot;jet_parallax_layout_on&quot;:[&quot;desktop&quot;,&quot;tablet&quot;]}],&quot;_ob_bbad_use_it&quot;:&quot;yes&quot;,&quot;_ob_bbad_sssic_use&quot;:&quot;no&quot;,&quot;_ob_glider_is_slider&quot;:&quot;no&quot;}\">\n\t\t\t\t\t\t<div class=\"elementor-container elementor-column-gap-default\">\n\t\t\t\t\t<div class=\"elementor-column elementor-col-100 elementor-top-column elementor-element elementor-element-6aac3c5\" data-id=\"6aac3c5\" data-element_type=\"column\" data-settings=\"{&quot;_ob_bbad_is_stalker&quot;:&quot;no&quot;,&quot;_ob_teleporter_use&quot;:false,&quot;_ob_column_hoveranimator&quot;:&quot;no&quot;,&quot;_ob_column_has_pseudo&quot;:&quot;no&quot;}\">\n\t\t\t<div class=\"elementor-widget-wrap elementor-element-populated\">\n\t\t\t\t\t\t<div class=\"elementor-element elementor-element-a4ec92a devoluciones ob-harakiri-inherit ob-has-background-overlay elementor-widget elementor-widget-text-editor\" data-id=\"a4ec92a\" data-element_type=\"widget\" id=\"devoluciones\" data-settings=\"{&quot;_ob_use_harakiri&quot;:&quot;yes&quot;,&quot;_ob_harakiri_writing_mode&quot;:&quot;inherit&quot;,&quot;_ob_postman_use&quot;:&quot;no&quot;,&quot;_ob_perspektive_use&quot;:&quot;no&quot;,&quot;_ob_poopart_use&quot;:&quot;yes&quot;,&quot;_ob_shadough_use&quot;:&quot;no&quot;,&quot;_ob_allow_hoveranimator&quot;:&quot;no&quot;,&quot;_ob_widget_stalker_use&quot;:&quot;no&quot;}\" data-widget_type=\"text-editor.default\">\n\t\t\t\t<div class=\"elementor-widget-container\">\n\t\t\t\t\t\t\t\t\t<h1>ZUR\u00dcCK<\/h1><h2>Wie kann ich einen Artikel zur\u00fcckgeben?<\/h2><p>Zu gehen, um die R\u00fcckkehr von einem Artikel, mit denen Sie nicht zufrieden bist, bieten wir zwei Optionen: durch unser transport-Unternehmen SEUR, SA, oder per Post oder jede andere Fluggesellschaft (z.B. Seur, Nacex, etc), wenn, dass ist mehr bequem f\u00fcr Sie.<\/p><p>In jedem Fall werden Sie haben zu tragen die Kosten der R\u00fccksendung.<\/p><h3>Option 1 \u2192 durch unser transport-Unternehmen SEUR, SA<\/h3><p>Die Schritte, die Sie befolgen m\u00fcssen, sind die folgenden:<\/p><ol><li>F\u00fcllen Sie ALLE DATEN auf DEM R\u00fccksendeformular finden Sie in der box die wir Ihnen geschickt haben, mit den Informationen der Artikel, die Sie zur\u00fcckgeben m\u00f6chten, sowie die Daten, die notwendig sind f\u00fcr die Abholung des Paketes.<\/li><li>Senden Sie es an e-mail\u00a0<a href=\"mailto:info@cafesantillascampos.com\">info@cafesantillascampos.com<\/a>\u00a0die Angabe in das Thema \u201cR\u00fcckerstattung Bestell-Nr. XX&#034;. Es ist sehr wichtig, dass Sie sowohl die E-Mail-Betreff wie Sie das R\u00fccksendeformular, die Anzahl der Ihre Bestellung, sonst werden wir nicht in der Lage, um Ihre R\u00fcckkehr zu verarbeiten.<\/li><\/ol><p>Bereiten Sie Ihr Paket f\u00fcr R\u00fccksendung in der Originalverpackung geschickt, dass wir mit dem Einzelteil im gleichen Zustand, in dem es gesendet wurde, die mit Ihren original-tags und ohne verwendet wurde. Vergessen Sie nicht, das R\u00fccksendeformular in voll.<\/p><ol start=\"3\"><li>So schnell wie wir empfangen es, wir werden Fragen Sie f\u00fcr die Paket-Abholung zu unseren transport-Unternehmen SEUR, S. A..<\/li><li>Sp\u00e4ter werden wir best\u00e4tigen die Datum und Ort der Abholung, und wir werden senden Sie eine Versand Rechnung, die Sie kopieren und einf\u00fcgen in das Feld ein.<\/li><\/ol><p>Sie m\u00fcssen erleichtern die Sammlung innerhalb von maximal 3 Werktagen ab dem Datum, an dem wir erhalten die R\u00fcckkehr Form.<\/p><ol start=\"5\"><li>Sobald empfangen in unserer Lager, wir werden es \u00fcberpr\u00fcfen, dass die Artikel ist in die gleichen Zustand, in dem es geliefert wurde, es hat nicht verwendet worden ist, beh\u00e4lt es seine original-tags und Originalverpackung abgeschlossen, und wir gehen auf die R\u00fcckerstattung des Geldes in der gleichen Weise, in dem Sie die Zahlung.<\/li><\/ol><h3>Option 2 \u2192 durch Post oder jede andere Fluggesellschaft.<\/h3><p>Die Schritte, die Sie befolgen m\u00fcssen, sind die folgenden:<\/p><ol><li>F\u00fcllen Sie ALLE DATEN auf DEM R\u00fccksendeformular finden Sie in der box die wir Ihnen geschickt haben, mit den Informationen der Artikel, die Sie zur\u00fcckgeben m\u00f6chten, sowie die Daten, die notwendig sind f\u00fcr die Abholung des Paketes.<\/li><li>Senden Sie es an e-mail <a href=\"mailto:info@cafesantillascampos.com\">info@cafesantillascampos.com<\/a>\u00a0die Angabe in das Thema \u201cR\u00fcckerstattung Bestell-Nr. XX&#034;. Es ist sehr wichtig, dass Sie sowohl die E-Mail-Betreff wie Sie das R\u00fccksendeformular, die Anzahl der Ihre Bestellung, sonst werden wir nicht in der Lage, um Ihre R\u00fcckkehr zu verarbeiten.<\/li><\/ol><p>Bereiten Sie Ihr Paket f\u00fcr R\u00fccksendung in der Originalverpackung geschickt, dass wir mit dem Einzelteil im gleichen Zustand, in dem es gesendet wurde, die mit Ihren original-tags und ohne verwendet wurde. Vergessen Sie nicht, das R\u00fccksendeformular in voll.<\/p><p>Die Lieferadresse, die Sie angeben, in dem Paket ist: Caf\u00e9s Las Antillas-Campos OURENSE, Stra\u00dfe, Vigo, 78 \u2013 Outariz \u2013 Ourense, 32001.<\/p><ol start=\"3\"><li>Nehmen Sie es zu einem Postamt oder an die Gesch\u00e4ftsstelle der gew\u00e4hlten transporter aus und senden Sie es ausreichend frankiert.<\/li><li>Sobald empfangen in unserer Lager, wir werden es \u00fcberpr\u00fcfen, dass die Artikel ist in die gleichen Zustand, in dem es geliefert wurde, es hat nicht verwendet worden ist, beh\u00e4lt es seine original-tags und Originalverpackung abgeschlossen, und wir gehen auf die R\u00fcckerstattung des Geldes in der gleichen Weise, in dem Sie die Zahlung.<\/li><\/ol><p>Sie tragen die Kosten der R\u00fccksendung.<\/p><p>Im Fall von Caf\u00e9s Las Antillas-Campos ist die Ursache f\u00fcr eine Erstattung (Verschiffen die falsche Produkt, ein Produkt, das sich in einem schlechten Zustand, etc...) die R\u00fcckkehr sollte gemacht werden zwangsweise durch SEUR, SA und in diesem Fall ist die R\u00fccksendung f\u00fcr Sie kostenfrei.<\/p><p>Caf\u00e9s Las Antillas-Campos beh\u00e4lt sich vor, abzulehnen Renditen, die nicht den Anforderungen entsprechen, wie oben beschrieben.<\/p><h2>Kann ich machen eine R\u00fcckkehr in-store?<\/h2><p>F\u00fcr den moment ist es nicht m\u00f6glich. Wir bitten Sie, w\u00e4hlen Sie eine der zwei Optionen, die bieten wir: durch unser transport-Unternehmen SEUR -, SA-oder durch die Post oder einem anderen Spediteur, wenn es ist mehr bequem f\u00fcr Sie.<\/p><h2>Was ist die Frist f\u00fcr eine R\u00fccksendung?<\/h2><p>Die maximale Zeit, die Sie haben zu senden uns die form der Rendite ist 7 Tage ab dem Datum des Eingangs der Bestellung. Nach Ablauf dieser Frist sind wir nicht in der Lage zu akzeptieren, die R\u00fcckkehr von Ihre Bestellung.<\/p><h2>Zahle ich etwas f\u00fcr meine Erstattung?<\/h2><p>Sie tragen die Kosten der R\u00fccksendung. R\u00fccksendungen werden nicht akzeptiert, da die Lieferung.<\/p><p>Die Sendung wird unter Ihrer Verantwortung, bis er unser Lager.<\/p><h2>Wie und Wann erhalte ich meine R\u00fcckerstattung?<\/h2><p>Sobald die R\u00fccksendung genehmigt ist (wenn wir brauchen, um zu \u00fcberpr\u00fcfen, dass die zur\u00fcckgebrachten Einzelteile sind in einwandfreiem Zustand und in der gleichen Bedingung, dass Sie gesendet wurden, dass haben nicht verwendet worden, Sie behalten Ihren original Etiketten und der Originalverpackung vollst\u00e4ndig), erhalten Sie den Betrag, den die gleiche Weise wie Sie die Zahlung. Wir senden Ihnen eine Best\u00e4tigungs-E-Mail lassen Sie wissen, die Menge, die werden gutgeschrieben zu Ihrem Konto innerhalb von ein paar Tagen. Denken Sie daran, dass eine R\u00fcckerstattung auf Ihre Kreditkarte oder PayPal-Konto, abh\u00e4ngig von Ihrer bank.<\/p><p>Der Betrag erstattet wird entsprechen PVP, f\u00fcr die Sie bezahlt zur\u00fcckgebrachten Einzelteile.<\/p><p>Die Versandkosten (Versand und zur\u00fcck) wird nur zur\u00fcckgegeben, wenn Caf\u00e9s Las Antillas-Campos ist verantwortlich f\u00fcr die Ursache der R\u00fcckgabe des Produkts (Verschiffen die falsche Produkt, ein Produkt, das sich in einem schlechten Zustand, etc).<\/p><h2>Verloren ich habe mein R\u00fccksendeformular<\/h2><p>Keine Sorge, Sie k\u00f6nnen drucken Sie ein weiteres von<a href=\"https:\/\/cafesantillascampos.com\/wp-content\/uploads\/2021\/04\/Formulario_Devolucion_Cafes_Las_Antillas_Campos.pdf\">\u00a0<strong>klicken Sie hier<\/strong>.<\/a>\u00a0F\u00fcllen Sie alle Felder aus; Sie haben den Anweisungen am unteren Rand der Seite. Und vergessen Sie nicht, f\u00fcgen Sie es in das Paket, wenn Sie eine R\u00fccksendung Ihrer Bestellung.<\/p><h2>Widerrufsrecht<\/h2><p>Nach den Regeln des fernabsatzes, die Kunden in der europ\u00e4ischen Union haben von 7 Werktagen, gerechnet ab dem Datum des Eingangs der Bestellung, zur Aus\u00fcbung des Widerrufsrecht auf Ihre Bestellung.<\/p><p>In solchen Fall, wir gehen auf die R\u00fcckerstattung des Geld und sammeln Sie Ihre Bestellung durch die oben genannten Verfahren.<\/p>\t\t\t\t\t\t\t\t<\/div>\n\t\t\t\t<\/div>\n\t\t\t\t\t<\/div>\n\t\t<\/div>\n\t\t\t\t\t<\/div>\n\t\t<\/section>\n\t\t\t\t<\/div>","protected":false},"excerpt":{"rendered":"<p>Pol\u00edtica de Devoluci\u00f3n y Reembolso DEVOLUCIONES \u00bfC\u00f3mo debo hacer para devolver un art\u00edculo? Para proceder a la devoluci\u00f3n de un art\u00edculo con el que no est\u00e1s satisfecho, te ofrecemos dos opciones: a trav\u00e9s de nuestra empresa de transportes SEUR, S.A., o bien a trav\u00e9s de una oficina de Correos o cualquier otro transportista (ej: Seur, [&hellip;]<\/p>","protected":false},"author":1,"featured_media":0,"parent":0,"menu_order":0,"comment_status":"closed","ping_status":"closed","template":"","meta":{"_jet_sm_ready_style":"","_jet_sm_style":"","_jet_sm_controls_values":"","_jet_sm_fonts_collection":"","_jet_sm_fonts_links":"","_joinchat":[],"footnotes":""},"class_list":["post-696","page","type-page","status-publish","hentry"],"yoast_head":"<!-- This site is optimized with the Yoast SEO plugin v26.0 - https:\/\/yoast.com\/wordpress\/plugins\/seo\/ -->\n<title>Pol\u00edtica de Devoluci\u00f3n y Reembolso - Caf\u00e9s Las Antillas Campos<\/title>\n<meta name=\"description\" content=\"Empresa ubicada en Ourense dedicada al tueste, envasado y distribuci\u00f3n de caf\u00e9 para hosteler\u00eda y grandes superficies de alimentaci\u00f3n.\" \/>\n<meta name=\"robots\" content=\"index, follow, max-snippet:-1, max-image-preview:large, max-video-preview:-1\" \/>\n<link rel=\"canonical\" href=\"https:\/\/cafesantillascampos.com\/de\/politica-de-devolucion-y-reembolso\/\" \/>\n<meta property=\"og:locale\" content=\"de_DE\" \/>\n<meta property=\"og:type\" content=\"article\" \/>\n<meta property=\"og:title\" content=\"Pol\u00edtica de Devoluci\u00f3n y Reembolso - Caf\u00e9s Las Antillas Campos\" \/>\n<meta property=\"og:description\" content=\"Empresa ubicada en Ourense dedicada al tueste, envasado y distribuci\u00f3n de caf\u00e9 para hosteler\u00eda y grandes superficies de alimentaci\u00f3n.\" \/>\n<meta property=\"og:url\" content=\"https:\/\/cafesantillascampos.com\/de\/politica-de-devolucion-y-reembolso\/\" \/>\n<meta property=\"og:site_name\" content=\"Caf\u00e9s Las Antillas Campos\" \/>\n<meta property=\"article:publisher\" content=\"https:\/\/www.facebook.com\/cafesantillas\/\" \/>\n<meta property=\"article:modified_time\" content=\"2021-04-08T06:21:38+00:00\" \/>\n<meta name=\"twitter:card\" content=\"summary_large_image\" \/>\n<meta name=\"twitter:label1\" content=\"Gesch\u00e4tzte Lesezeit\" \/>\n\t<meta name=\"twitter:data1\" content=\"6\u00a0Minuten\" \/>\n<script type=\"application\/ld+json\" class=\"yoast-schema-graph\">{\"@context\":\"https:\/\/schema.org\",\"@graph\":[{\"@type\":\"WebPage\",\"@id\":\"https:\/\/cafesantillascampos.com\/politica-de-devolucion-y-reembolso\/\",\"url\":\"https:\/\/cafesantillascampos.com\/politica-de-devolucion-y-reembolso\/\",\"name\":\"Pol\u00edtica de Devoluci\u00f3n y Reembolso - Caf\u00e9s Las Antillas Campos\",\"isPartOf\":{\"@id\":\"https:\/\/cafesantillascampos.com\/#website\"},\"datePublished\":\"2021-02-04T11:30:22+00:00\",\"dateModified\":\"2021-04-08T06:21:38+00:00\",\"description\":\"Empresa ubicada en Ourense dedicada al tueste, envasado y distribuci\u00f3n de caf\u00e9 para hosteler\u00eda y grandes superficies de alimentaci\u00f3n.\",\"breadcrumb\":{\"@id\":\"https:\/\/cafesantillascampos.com\/politica-de-devolucion-y-reembolso\/#breadcrumb\"},\"inLanguage\":\"de\",\"potentialAction\":[{\"@type\":\"ReadAction\",\"target\":[\"https:\/\/cafesantillascampos.com\/politica-de-devolucion-y-reembolso\/\"]}]},{\"@type\":\"BreadcrumbList\",\"@id\":\"https:\/\/cafesantillascampos.com\/politica-de-devolucion-y-reembolso\/#breadcrumb\",\"itemListElement\":[{\"@type\":\"ListItem\",\"position\":1,\"name\":\"Portada\",\"item\":\"https:\/\/cafesantillascampos.com\/\"},{\"@type\":\"ListItem\",\"position\":2,\"name\":\"Pol\u00edtica de Devoluci\u00f3n y Reembolso\"}]},{\"@type\":\"WebSite\",\"@id\":\"https:\/\/cafesantillascampos.com\/#website\",\"url\":\"https:\/\/cafesantillascampos.com\/\",\"name\":\"Caf\u00e9s Las Antillas Campos\",\"description\":\"Tostadero de Caf\u00e9 Las Antillas - Campos. Desde 1922.\",\"publisher\":{\"@id\":\"https:\/\/cafesantillascampos.com\/#organization\"},\"potentialAction\":[{\"@type\":\"SearchAction\",\"target\":{\"@type\":\"EntryPoint\",\"urlTemplate\":\"https:\/\/cafesantillascampos.com\/?s={search_term_string}\"},\"query-input\":{\"@type\":\"PropertyValueSpecification\",\"valueRequired\":true,\"valueName\":\"search_term_string\"}}],\"inLanguage\":\"de\"},{\"@type\":\"Organization\",\"@id\":\"https:\/\/cafesantillascampos.com\/#organization\",\"name\":\"Caf\u00e9s Las Antillas - Campos\",\"url\":\"https:\/\/cafesantillascampos.com\/\",\"logo\":{\"@type\":\"ImageObject\",\"inLanguage\":\"de\",\"@id\":\"https:\/\/cafesantillascampos.com\/#\/schema\/logo\/image\/\",\"url\":\"https:\/\/cafesantillascampos.com\/wp-content\/uploads\/2021\/02\/Logotipo_Web_001.png\",\"contentUrl\":\"https:\/\/cafesantillascampos.com\/wp-content\/uploads\/2021\/02\/Logotipo_Web_001.png\",\"width\":1920,\"height\":374,\"caption\":\"Caf\u00e9s Las Antillas - Campos\"},\"image\":{\"@id\":\"https:\/\/cafesantillascampos.com\/#\/schema\/logo\/image\/\"},\"sameAs\":[\"https:\/\/www.facebook.com\/cafesantillas\/\",\"https:\/\/www.instagram.com\/cafes_las_antillas_campos\/\"]}]}<\/script>\n<!-- \/ Yoast SEO plugin. -->","yoast_head_json":{"title":"Pol\u00edtica de Devoluci\u00f3n y Reembolso - Caf\u00e9s Las Antillas Campos","description":"Empresa ubicada en Ourense dedicada al tueste, envasado y distribuci\u00f3n de caf\u00e9 para hosteler\u00eda y grandes superficies de alimentaci\u00f3n.","robots":{"index":"index","follow":"follow","max-snippet":"max-snippet:-1","max-image-preview":"max-image-preview:large","max-video-preview":"max-video-preview:-1"},"canonical":"https:\/\/cafesantillascampos.com\/de\/politica-de-devolucion-y-reembolso\/","og_locale":"de_DE","og_type":"article","og_title":"Pol\u00edtica de Devoluci\u00f3n y Reembolso - Caf\u00e9s Las Antillas Campos","og_description":"Empresa ubicada en Ourense dedicada al tueste, envasado y distribuci\u00f3n de caf\u00e9 para hosteler\u00eda y grandes superficies de alimentaci\u00f3n.","og_url":"https:\/\/cafesantillascampos.com\/de\/politica-de-devolucion-y-reembolso\/","og_site_name":"Caf\u00e9s Las Antillas Campos","article_publisher":"https:\/\/www.facebook.com\/cafesantillas\/","article_modified_time":"2021-04-08T06:21:38+00:00","twitter_card":"summary_large_image","twitter_misc":{"Gesch\u00e4tzte Lesezeit":"6\u00a0Minuten"},"schema":{"@context":"https:\/\/schema.org","@graph":[{"@type":"WebPage","@id":"https:\/\/cafesantillascampos.com\/politica-de-devolucion-y-reembolso\/","url":"https:\/\/cafesantillascampos.com\/politica-de-devolucion-y-reembolso\/","name":"Pol\u00edtica de Devoluci\u00f3n y Reembolso - Caf\u00e9s Las Antillas Campos","isPartOf":{"@id":"https:\/\/cafesantillascampos.com\/#website"},"datePublished":"2021-02-04T11:30:22+00:00","dateModified":"2021-04-08T06:21:38+00:00","description":"Empresa ubicada en Ourense dedicada al tueste, envasado y distribuci\u00f3n de caf\u00e9 para hosteler\u00eda y grandes superficies de alimentaci\u00f3n.","breadcrumb":{"@id":"https:\/\/cafesantillascampos.com\/politica-de-devolucion-y-reembolso\/#breadcrumb"},"inLanguage":"de","potentialAction":[{"@type":"ReadAction","target":["https:\/\/cafesantillascampos.com\/politica-de-devolucion-y-reembolso\/"]}]},{"@type":"BreadcrumbList","@id":"https:\/\/cafesantillascampos.com\/politica-de-devolucion-y-reembolso\/#breadcrumb","itemListElement":[{"@type":"ListItem","position":1,"name":"Portada","item":"https:\/\/cafesantillascampos.com\/"},{"@type":"ListItem","position":2,"name":"Pol\u00edtica de Devoluci\u00f3n y Reembolso"}]},{"@type":"WebSite","@id":"https:\/\/cafesantillascampos.com\/#website","url":"https:\/\/cafesantillascampos.com\/","name":"Caf\u00e9s Las Antillas Campos","description":"Tostadero de Caf\u00e9 Las Antillas - Campos. Desde 1922.","publisher":{"@id":"https:\/\/cafesantillascampos.com\/#organization"},"potentialAction":[{"@type":"SearchAction","target":{"@type":"EntryPoint","urlTemplate":"https:\/\/cafesantillascampos.com\/?s={search_term_string}"},"query-input":{"@type":"PropertyValueSpecification","valueRequired":true,"valueName":"search_term_string"}}],"inLanguage":"de"},{"@type":"Organization","@id":"https:\/\/cafesantillascampos.com\/#organization","name":"Caf\u00e9s Las Antillas - Campos","url":"https:\/\/cafesantillascampos.com\/","logo":{"@type":"ImageObject","inLanguage":"de","@id":"https:\/\/cafesantillascampos.com\/#\/schema\/logo\/image\/","url":"https:\/\/cafesantillascampos.com\/wp-content\/uploads\/2021\/02\/Logotipo_Web_001.png","contentUrl":"https:\/\/cafesantillascampos.com\/wp-content\/uploads\/2021\/02\/Logotipo_Web_001.png","width":1920,"height":374,"caption":"Caf\u00e9s Las Antillas - Campos"},"image":{"@id":"https:\/\/cafesantillascampos.com\/#\/schema\/logo\/image\/"},"sameAs":["https:\/\/www.facebook.com\/cafesantillas\/","https:\/\/www.instagram.com\/cafes_las_antillas_campos\/"]}]}},"_links":{"self":[{"href":"https:\/\/cafesantillascampos.com\/de\/wp-json\/wp\/v2\/pages\/696","targetHints":{"allow":["GET"]}}],"collection":[{"href":"https:\/\/cafesantillascampos.com\/de\/wp-json\/wp\/v2\/pages"}],"about":[{"href":"https:\/\/cafesantillascampos.com\/de\/wp-json\/wp\/v2\/types\/page"}],"author":[{"embeddable":true,"href":"https:\/\/cafesantillascampos.com\/de\/wp-json\/wp\/v2\/users\/1"}],"replies":[{"embeddable":true,"href":"https:\/\/cafesantillascampos.com\/de\/wp-json\/wp\/v2\/comments?post=696"}],"version-history":[{"count":31,"href":"https:\/\/cafesantillascampos.com\/de\/wp-json\/wp\/v2\/pages\/696\/revisions"}],"predecessor-version":[{"id":4590,"href":"https:\/\/cafesantillascampos.com\/de\/wp-json\/wp\/v2\/pages\/696\/revisions\/4590"}],"wp:attachment":[{"href":"https:\/\/cafesantillascampos.com\/de\/wp-json\/wp\/v2\/media?parent=696"}],"curies":[{"name":"wp","href":"https:\/\/api.w.org\/{rel}","templated":true}]}}