{"id":685,"date":"2021-02-04T12:20:42","date_gmt":"2021-02-04T11:20:42","guid":{"rendered":"https:\/\/cafesantillascampos.com\/?page_id=685"},"modified":"2023-06-20T14:55:50","modified_gmt":"2023-06-20T12:55:50","slug":"aviso-legal","status":"publish","type":"page","link":"https:\/\/cafesantillascampos.com\/de\/aviso-legal\/","title":{"rendered":"Impressum"},"content":{"rendered":"<div data-elementor-type=\"wp-page\" data-elementor-id=\"685\" class=\"elementor elementor-685\" data-elementor-post-type=\"page\">\n\t\t\t\t\t\t<section class=\"ob-is-breaking-bad elementor-section elementor-top-section elementor-element elementor-element-b37db32 elementor-section-height-min-height elementor-section-full_width elementor-section-stretched elementor-section-height-default elementor-section-items-middle\" data-id=\"b37db32\" data-element_type=\"section\" data-settings=\"{&quot;jet_parallax_layout_list&quot;:[{&quot;jet_parallax_layout_image&quot;:{&quot;url&quot;:&quot;&quot;,&quot;id&quot;:&quot;&quot;,&quot;size&quot;:&quot;&quot;},&quot;_id&quot;:&quot;891d89f&quot;,&quot;jet_parallax_layout_image_tablet&quot;:{&quot;url&quot;:&quot;&quot;,&quot;id&quot;:&quot;&quot;,&quot;size&quot;:&quot;&quot;},&quot;jet_parallax_layout_image_mobile&quot;:{&quot;url&quot;:&quot;&quot;,&quot;id&quot;:&quot;&quot;,&quot;size&quot;:&quot;&quot;},&quot;jet_parallax_layout_speed&quot;:{&quot;unit&quot;:&quot;%&quot;,&quot;size&quot;:50,&quot;sizes&quot;:[]},&quot;jet_parallax_layout_type&quot;:&quot;scroll&quot;,&quot;jet_parallax_layout_direction&quot;:&quot;1&quot;,&quot;jet_parallax_layout_fx_direction&quot;:null,&quot;jet_parallax_layout_z_index&quot;:&quot;&quot;,&quot;jet_parallax_layout_bg_x&quot;:50,&quot;jet_parallax_layout_bg_x_tablet&quot;:&quot;&quot;,&quot;jet_parallax_layout_bg_x_mobile&quot;:&quot;&quot;,&quot;jet_parallax_layout_bg_y&quot;:50,&quot;jet_parallax_layout_bg_y_tablet&quot;:&quot;&quot;,&quot;jet_parallax_layout_bg_y_mobile&quot;:&quot;&quot;,&quot;jet_parallax_layout_bg_size&quot;:&quot;auto&quot;,&quot;jet_parallax_layout_bg_size_tablet&quot;:&quot;&quot;,&quot;jet_parallax_layout_bg_size_mobile&quot;:&quot;&quot;,&quot;jet_parallax_layout_animation_prop&quot;:&quot;transform&quot;,&quot;jet_parallax_layout_on&quot;:[&quot;desktop&quot;,&quot;tablet&quot;]}],&quot;background_background&quot;:&quot;classic&quot;,&quot;stretch_section&quot;:&quot;section-stretched&quot;,&quot;_ob_bbad_use_it&quot;:&quot;yes&quot;,&quot;_ob_bbad_sssic_use&quot;:&quot;no&quot;,&quot;_ob_glider_is_slider&quot;:&quot;no&quot;}\">\n\t\t\t\t\t\t\t<div class=\"elementor-background-overlay\"><\/div>\n\t\t\t\t\t\t\t<div class=\"elementor-container elementor-column-gap-no\">\n\t\t\t\t\t<div class=\"elementor-column elementor-col-100 elementor-top-column elementor-element elementor-element-0bcd74b\" data-id=\"0bcd74b\" data-element_type=\"column\" data-settings=\"{&quot;_ob_bbad_is_stalker&quot;:&quot;no&quot;,&quot;_ob_teleporter_use&quot;:false,&quot;_ob_column_hoveranimator&quot;:&quot;no&quot;,&quot;_ob_column_has_pseudo&quot;:&quot;no&quot;}\">\n\t\t\t<div class=\"elementor-widget-wrap elementor-element-populated\">\n\t\t\t\t\t\t<div class=\"elementor-element elementor-element-d605af7 ob-harakiri-inherit ob-has-background-overlay elementor-widget elementor-widget-heading\" data-id=\"d605af7\" data-element_type=\"widget\" data-settings=\"{&quot;_ob_use_harakiri&quot;:&quot;yes&quot;,&quot;_ob_harakiri_writing_mode&quot;:&quot;inherit&quot;,&quot;_ob_harakiri_text_clip&quot;:&quot;none&quot;,&quot;_ob_perspektive_use&quot;:&quot;no&quot;,&quot;_ob_poopart_use&quot;:&quot;yes&quot;,&quot;_ob_shadough_use&quot;:&quot;no&quot;,&quot;_ob_allow_hoveranimator&quot;:&quot;no&quot;,&quot;_ob_widget_stalker_use&quot;:&quot;no&quot;}\" data-widget_type=\"heading.default\">\n\t\t\t\t<div class=\"elementor-widget-container\">\n\t\t\t\t\t<h2 class=\"elementor-heading-title elementor-size-default\">Impressum<\/h2>\t\t\t\t<\/div>\n\t\t\t\t<\/div>\n\t\t\t\t\t<\/div>\n\t\t<\/div>\n\t\t\t\t\t<\/div>\n\t\t<\/section>\n\t\t\t\t<section class=\"ob-is-breaking-bad elementor-section elementor-top-section elementor-element elementor-element-f7642fc elementor-section-boxed elementor-section-height-default elementor-section-height-default\" data-id=\"f7642fc\" data-element_type=\"section\" data-settings=\"{&quot;jet_parallax_layout_list&quot;:[{&quot;jet_parallax_layout_image&quot;:{&quot;url&quot;:&quot;&quot;,&quot;id&quot;:&quot;&quot;,&quot;size&quot;:&quot;&quot;},&quot;_id&quot;:&quot;c9248e7&quot;,&quot;jet_parallax_layout_image_tablet&quot;:{&quot;url&quot;:&quot;&quot;,&quot;id&quot;:&quot;&quot;,&quot;size&quot;:&quot;&quot;},&quot;jet_parallax_layout_image_mobile&quot;:{&quot;url&quot;:&quot;&quot;,&quot;id&quot;:&quot;&quot;,&quot;size&quot;:&quot;&quot;},&quot;jet_parallax_layout_speed&quot;:{&quot;unit&quot;:&quot;%&quot;,&quot;size&quot;:50,&quot;sizes&quot;:[]},&quot;jet_parallax_layout_type&quot;:&quot;scroll&quot;,&quot;jet_parallax_layout_direction&quot;:&quot;1&quot;,&quot;jet_parallax_layout_fx_direction&quot;:null,&quot;jet_parallax_layout_z_index&quot;:&quot;&quot;,&quot;jet_parallax_layout_bg_x&quot;:50,&quot;jet_parallax_layout_bg_x_tablet&quot;:&quot;&quot;,&quot;jet_parallax_layout_bg_x_mobile&quot;:&quot;&quot;,&quot;jet_parallax_layout_bg_y&quot;:50,&quot;jet_parallax_layout_bg_y_tablet&quot;:&quot;&quot;,&quot;jet_parallax_layout_bg_y_mobile&quot;:&quot;&quot;,&quot;jet_parallax_layout_bg_size&quot;:&quot;auto&quot;,&quot;jet_parallax_layout_bg_size_tablet&quot;:&quot;&quot;,&quot;jet_parallax_layout_bg_size_mobile&quot;:&quot;&quot;,&quot;jet_parallax_layout_animation_prop&quot;:&quot;transform&quot;,&quot;jet_parallax_layout_on&quot;:[&quot;desktop&quot;,&quot;tablet&quot;]}],&quot;_ob_bbad_use_it&quot;:&quot;yes&quot;,&quot;_ob_bbad_sssic_use&quot;:&quot;no&quot;,&quot;_ob_glider_is_slider&quot;:&quot;no&quot;}\">\n\t\t\t\t\t\t<div class=\"elementor-container elementor-column-gap-default\">\n\t\t\t\t\t<div class=\"elementor-column elementor-col-100 elementor-top-column elementor-element elementor-element-8450497\" data-id=\"8450497\" data-element_type=\"column\" data-settings=\"{&quot;_ob_bbad_is_stalker&quot;:&quot;no&quot;,&quot;_ob_teleporter_use&quot;:false,&quot;_ob_column_hoveranimator&quot;:&quot;no&quot;,&quot;_ob_column_has_pseudo&quot;:&quot;no&quot;}\">\n\t\t\t<div class=\"elementor-widget-wrap elementor-element-populated\">\n\t\t\t\t\t\t<div class=\"elementor-element elementor-element-1a871e5 ob-harakiri-inherit ob-has-background-overlay elementor-widget elementor-widget-heading\" data-id=\"1a871e5\" data-element_type=\"widget\" data-settings=\"{&quot;_ob_use_harakiri&quot;:&quot;yes&quot;,&quot;_ob_harakiri_writing_mode&quot;:&quot;inherit&quot;,&quot;_ob_harakiri_text_clip&quot;:&quot;none&quot;,&quot;_ob_perspektive_use&quot;:&quot;no&quot;,&quot;_ob_poopart_use&quot;:&quot;yes&quot;,&quot;_ob_shadough_use&quot;:&quot;no&quot;,&quot;_ob_allow_hoveranimator&quot;:&quot;no&quot;,&quot;_ob_widget_stalker_use&quot;:&quot;no&quot;}\" data-no-translation=\"\" data-widget_type=\"heading.default\">\n\t\t\t\t<div class=\"elementor-widget-container\">\n\t\t\t\t\t<p class=\"elementor-heading-title elementor-size-default\">INNERGEMEINSCHAFTLICHES CIF: ES33177288H<\/p>\t\t\t\t<\/div>\n\t\t\t\t<\/div>\n\t\t\t\t<div class=\"elementor-element elementor-element-e448b95 aviso-legal ob-harakiri-inherit ob-has-background-overlay elementor-widget elementor-widget-text-editor\" data-id=\"e448b95\" data-element_type=\"widget\" id=\"aviso-legal\" data-settings=\"{&quot;_ob_use_harakiri&quot;:&quot;yes&quot;,&quot;_ob_harakiri_writing_mode&quot;:&quot;inherit&quot;,&quot;_ob_postman_use&quot;:&quot;no&quot;,&quot;_ob_perspektive_use&quot;:&quot;no&quot;,&quot;_ob_poopart_use&quot;:&quot;yes&quot;,&quot;_ob_shadough_use&quot;:&quot;no&quot;,&quot;_ob_allow_hoveranimator&quot;:&quot;no&quot;,&quot;_ob_widget_stalker_use&quot;:&quot;no&quot;}\" data-widget_type=\"text-editor.default\">\n\t\t\t\t<div class=\"elementor-widget-container\">\n\t\t\t\t\t\t\t\t\t<h3>1. GESETZ DER DIENSTLEISTUNGEN DER INFORMATIONSGESELLSCHAFT UND DEN ELEKTRONISCHEN GESCH\u00c4FTSVERKEHR<\/h3>\n<p>Gem\u00e4\u00df den Bestimmungen der Kunst. 10 des Gesetzes 34\/2002, of July 11, Services of the Information Society (L. S. S. I.) , ist es gegeben, zu wissen die folgenden Allgemeinen Informationen:<\/p>\n<p>Die domain www.cafesantillascampos.com ab jetzt auf der website ist registriert im Namen von LUCIANO JOSE ANTONIO VAZQUEZ VARELA, steuerdomizil CARRETERA CIRCUNVALACION S\/N, GUARDA, CP 36780, A GUARDA (PONTEVEDRA); wenn die Gesellschaft in das Handelsregister eingetragen ist von der Lautst\u00e4rke , der Abschnitt , Folio , Blatt , Erstzulassung, sofern DNI 33177288H.<\/p>\n<h3>2. USAGE<\/h3>\n<h4>I. - BENUTZER<\/h4>\n<p>Der Zugang und\/oder Benutzung der website www.cafesantillascampos.com Attribute der eine, der macht den Zustand der Benutzer, der Annahme aus, dass sehr moment, vollst\u00e4ndig und ohne VORBEHALT die vorliegenden Allgemeinen Bedingungen sowie die besonderen Bedingungen, die gegebenenfalls zu erg\u00e4nzen, zu \u00e4ndern oder zu ersetzen, die Allgemeinen Bedingungen in Bezug auf bestimmte Dienste und Inhalte der Website.<\/p>\n<h4>II.- DER GEBRAUCH DER WEBSITE, IHRER DIENSTE UND INHALTE<\/h4>\n<p>Der Benutzer verpflichtet sich, die Website und deren Dienstleistungen und Inhalte, ohne gegen die aktuellen Gesetze, treu und glauben, allgemein anerkannten Nutzungen und der \u00f6ffentlichen Ordnung.<\/p>\n<p>Ebenso ist es untersagt, die Website f\u00fcr illegale oder sch\u00e4dliche Zwecke gegen DEN EIGENT\u00dcMER oder einen Dritten, oder die in irgendeiner Weise Schaden oder behindern den normalen Betrieb der Website.<\/p>\n<p>Mit Bezug auf die Inhalte (Informationen, Texte, Graphiken, sound-Dateien und\/oder Bilder, Fotos, designs usw.) ist es verboten:<\/p>\n<ul>\n<li>Eine Vervielf\u00e4ltigung, Verbreitung oder \u00e4nderung, es sei denn, mit Zustimmung Ihrer berechtigten\/als Eigent\u00fcmer oder gesetzlich erlaubt ist.<\/li>\n<li>Jeder Versto\u00df gegen die Rechte des EIGENT\u00dcMERS oder seiner legitimen\/als die Schlagzeilen \u00fcber die gleichen.<\/li>\n<li>Seine Verwendung f\u00fcr jede Art von Werbe-und andere Zwecke, als die streng gestattet.<\/li>\n<li>Jeder Versuch, um den Inhalt der Webseite nicht durch andere Mittel als die den Benutzern zur Verf\u00fcgung gestellt wie auch jene, die \u00fcblicherweise auf dem internet verwendet werden, vorausgesetzt, Sie verursachen keine Schaden zu die<\/li>\n<\/ul>\n<h4>III.- EINSEITIGE \u00c4NDERUNG<\/h4>\n<p>DIE HALTER k\u00f6nnen \u00e4ndern einseitig und ohne Vorherige Ank\u00fcndigung, Wann immer Sie es f\u00fcr angebracht h\u00e4lt, die Struktur und Gestaltung der website sowie zu modifizieren oder zu beseitigen, die Dienste, Inhalte und Bedingungen f\u00fcr den Zugang und\/oder Nutzung derselben.<\/p>\n<h4>IV.- HYPERLINKS<\/h4>\n<p>Die Gr\u00fcndung von &#034;hyperlink&#034; zwischen einer web-Seite und die web-site unterliegen den folgenden Bedingungen:<\/p>\n<ul>\n<li>Keine Vervielf\u00e4ltigung im ganzen oder in teilen, der Dienste oder Inhalte auf der Webseite.<\/li>\n<li>Ohne Vorherige ausdr\u00fcckliche Zustimmung der web-Seite, auf der der hyperlink eingerichtet wird, nicht enthalten jede Marke, Markennamen, label, name, logo, slogan oder andere Erkennungszeichen zugeh\u00f6rig zum BESITZER<\/li>\n<li>Unter keinen Umst\u00e4nden, DEN amtierenden verantwortlich f\u00fcr den Inhalt oder Dienste, die der \u00f6ffentlichkeit zur Verf\u00fcgung auf der web-Seite, von der aus Sie einen &#034;hyperlink&#034; oder die Informations-und Erscheinungsformen darin enthalten.<\/li>\n<\/ul>\n<h4>V. GEW\u00c4HRLEISTUNG UND HAFTUNG<\/h4>\n<p>DER INHABER \u00fcbernimmt keine Gew\u00e4hr, noch haftet in jedem Fall f\u00fcr Sch\u00e4den jeglicher Art, die entstehen aus:<\/p>\n<ul>\n<li>Der Mangel an Verf\u00fcgbarkeit, Wartung und effektiven Betrieb der Website und\/oder Ihrer Dienste oder Inhalte.<\/li>\n<li>Mangel an N\u00fctzlichkeit, Angemessenheit oder G\u00fcltigkeit der Website und\/oder Ihrer Dienste und Inhalte auf die Bed\u00fcrfnisse, Aktivit\u00e4ten oder konkreten Ergebnisse oder Erwartungen der Anwender.<\/li>\n<li>Die Existenz von Viren, b\u00f6sartigen oder sch\u00e4dlichen Programmen in den Inhalten.<\/li>\n<li>Der Empfang, die Erfassung, Speicherung, Verbreitung oder \u00fcbertragung seitens der Anwender der Inhalte.<\/li>\n<li>Die rechtswidrige, fahrl\u00e4ssige, betr\u00fcgerische, im Gegensatz zu den vorliegenden Allgemeinen Bedingungen, den guten glauben, der allgemein anerkannten Nutzungen oder die \u00f6ffentliche Ordnung von der Website, deren Dienste oder Inhalte durch die Nutzer.<\/li>\n<li>Mangelnde Rechtm\u00e4\u00dfigkeit, Qualit\u00e4t, Zuverl\u00e4ssigkeit, N\u00fctzlichkeit und Verf\u00fcgbarkeit der von Dritten erbrachten Dienstleistungen, die der Nutzer auf der Website.<\/li>\n<li>Die Verletzung von Dritten Parteien Ihren Verpflichtungen im Zusammenhang mit den Dienstleistungen, die den Benutzern \u00fcber die Website.<\/li>\n<\/ul>\n<h4>VI. DAUER<\/h4>\n<p>Die Dauer der service-Bereitstellung der Website und die services unbefristet.<br>Unbeschadet des vorgenannten beh\u00e4lt sich DER BESITZER das Recht, es zu unterbrechen, auszusetzen oder zu beenden, die Erbringung der Leistungen der Website oder der Dienste enthalten, die in den gleichen Bedingungen wie in der Dritten Bedingung.<\/p>\n<h4>VII. ANWENDBARE GESETZGEBUNG UND GERICHTSSTAND<\/h4>\n<p>Die vorliegenden Allgemeinen Bedingungen unterliegen dem spanischen Recht.<br>LUCIANO VAZQUEZ VARELA und der Nutzer unter ausdr\u00fccklichem Verzicht auf jeden anderen Gerichtsstand, dass k\u00f6nnen entsprechen, Unterwerfen sich der Zust\u00e4ndigkeit der Gerichte des Wohnsitzes des Nutzers f\u00fcr alle Probleme, die entstehen k\u00f6nnen, oder Aktionen, die sich aus der Erbringung der Dienstleistung der Webseite und Ihrer services und Inhalte und die Auslegung, Anwendung, Vollstreckung sowie die Verletzung der Bestimmungen hiervon unber\u00fchrt.<\/p>\n<p>Im Falle, dass der Benutzer, die Ihren Wohnsitz au\u00dferhalb von Spanien, LUCIANO VAZQUEZ VARELA und der Nutzer unter ausdr\u00fccklichem Verzicht auf jeden anderen Gerichtsstand, dass k\u00f6nnen entsprechen, Unterwerfen sich der GERICHTSBARKEIT der Gerichte und Gerichtsh\u00f6fe von OUTARIZ<\/p>\n<h3>3. VERWENDUNG VON COOKIES<\/h3>\n<p>Die web-site www.cafesantillascampos.com es nutzt cookies, wenn ein BENUTZER die Websites und web-Seiten die WEB-SITE. Die verwendeten cookies sind nur einem BENUTZER zugeordnet ist anonym und Ihrem computer und tun nicht geben Sie den Namen und Nachnamen des BENUTZERS. Dank cookies ist es m\u00f6glich, zu erkennen, die registrierten BENUTZER, nachdem Sie sich registriert haben zum ersten mal, ohne sich zu registrieren bei jedem Besuch, um Zugriff auf den reservierten Bereichen und Dienstleistungen exklusiv f\u00fcr Sie. Die cookies k\u00f6nnen nicht Lesen Sie die Daten von Ihrer Festplatte Lesen oder cookie-Dateien anderer Anbieter. Die personenbezogenen Daten der NUTZER werden verschl\u00fcsselt, f\u00fcr zus\u00e4tzliche Sicherheit.<\/p>\n<p>Der BENUTZER hat die M\u00f6glichkeit, konfigurieren Sie Ihren browser benachrichtigt werden, auf dem Bildschirm, der den Empfang von cookies zu verhindern und deren installation auf Ihrer Festplatte. Bitte konsultieren Sie die Anleitungen und Handb\u00fccher Ihres Browsers, um erweitern Sie diese Informationen. Ihre Nutzung der WEBSITE, ist es nicht notwendig f\u00fcr den BENUTZER ZU erm\u00f6glichen die installation von cookies gesendet werden durch die web Seite, aber in diesem Fall wird es notwendig sein, f\u00fcr die Benutzer zu registrieren, die als solche im einzelnen services, deren Bereitstellung erfordert die Vorherige Anmeldung.<br>\u00c4hnlich, unsere web-Server automatisch die IP-Adresse und domain-Namen durch den Benutzer verwendet. Alle diese Informationen werden in einem server-Aktivit\u00e4t-Datei, erlaubt die anschlie\u00dfende Verarbeitung der Daten um statistische Messungen, die es uns erm\u00f6glichen, zu wissen, die Anzahl der page impressions, die Zahl der Besuche auf unserer website, Dienstleistungen, etc<\/p>\n<h3>4. LOW KOMMERZIELLE KOMMUNIKATION<\/h3>\n<p>In \u00fcbereinstimmung mit dem Gesetz der Dienstleistungen der Informationsgesellschaft 34\/2002, garantiert der Benutzer die M\u00f6glichkeit, zu stoppen empfangen von kommerziellen Informationen, die in einem Zeitraum von maximal einem Monat, von denen er kommuniziert sein wird, durch e-mail an info@cafesantillascampos.com.<\/p>\t\t\t\t\t\t\t\t<\/div>\n\t\t\t\t<\/div>\n\t\t\t\t\t<\/div>\n\t\t<\/div>\n\t\t\t\t\t<\/div>\n\t\t<\/section>\n\t\t\t\t<\/div>","protected":false},"excerpt":{"rendered":"<p>Aviso Legal 1. LEY DE SERVICIOS DE LA SOCIEDAD DE LA INFORMACI\u00d3N Y COMERCIO ELECTR\u00d3NICO En cumplimiento de lo dispuesto en el art. 10 de la Ley 34\/2002 de 11 de julio de Servicios de la Sociedad de la Informaci\u00f3n (L.S.S.I.) , se da a conocer la siguiente Informaci\u00f3n General: Que el dominio www.cafesantillascampos.com a [&hellip;]<\/p>","protected":false},"author":1,"featured_media":0,"parent":0,"menu_order":0,"comment_status":"closed","ping_status":"closed","template":"","meta":{"_jet_sm_ready_style":"","_jet_sm_style":"","_jet_sm_controls_values":"","_jet_sm_fonts_collection":"","_jet_sm_fonts_links":"","_joinchat":[],"footnotes":""},"class_list":["post-685","page","type-page","status-publish","hentry"],"yoast_head":"<!-- This site is optimized with the Yoast SEO plugin v26.0 - https:\/\/yoast.com\/wordpress\/plugins\/seo\/ -->\n<title>Aviso Legal - Caf\u00e9s Las Antillas Campos<\/title>\n<meta name=\"description\" content=\"Empresa ubicada en Ourense dedicada al tueste, envasado y distribuci\u00f3n de caf\u00e9 para hosteler\u00eda y grandes superficies de alimentaci\u00f3n.\" \/>\n<meta name=\"robots\" content=\"index, follow, max-snippet:-1, max-image-preview:large, max-video-preview:-1\" \/>\n<link rel=\"canonical\" href=\"https:\/\/cafesantillascampos.com\/de\/aviso-legal\/\" \/>\n<meta property=\"og:locale\" content=\"de_DE\" \/>\n<meta property=\"og:type\" content=\"article\" \/>\n<meta property=\"og:title\" content=\"Aviso Legal - Caf\u00e9s Las Antillas Campos\" \/>\n<meta property=\"og:description\" content=\"Empresa ubicada en Ourense dedicada al tueste, envasado y distribuci\u00f3n de caf\u00e9 para hosteler\u00eda y grandes superficies de alimentaci\u00f3n.\" \/>\n<meta property=\"og:url\" content=\"https:\/\/cafesantillascampos.com\/de\/aviso-legal\/\" \/>\n<meta property=\"og:site_name\" content=\"Caf\u00e9s Las Antillas Campos\" \/>\n<meta property=\"article:publisher\" content=\"https:\/\/www.facebook.com\/cafesantillas\/\" \/>\n<meta property=\"article:modified_time\" content=\"2023-06-20T12:55:50+00:00\" \/>\n<meta name=\"twitter:card\" content=\"summary_large_image\" \/>\n<meta name=\"twitter:label1\" content=\"Gesch\u00e4tzte Lesezeit\" \/>\n\t<meta name=\"twitter:data1\" content=\"6\u00a0Minuten\" \/>\n<script type=\"application\/ld+json\" class=\"yoast-schema-graph\">{\"@context\":\"https:\/\/schema.org\",\"@graph\":[{\"@type\":\"WebPage\",\"@id\":\"https:\/\/cafesantillascampos.com\/aviso-legal\/\",\"url\":\"https:\/\/cafesantillascampos.com\/aviso-legal\/\",\"name\":\"Aviso Legal - Caf\u00e9s Las Antillas Campos\",\"isPartOf\":{\"@id\":\"https:\/\/cafesantillascampos.com\/#website\"},\"datePublished\":\"2021-02-04T11:20:42+00:00\",\"dateModified\":\"2023-06-20T12:55:50+00:00\",\"description\":\"Empresa ubicada en Ourense dedicada al tueste, envasado y distribuci\u00f3n de caf\u00e9 para hosteler\u00eda y grandes superficies de alimentaci\u00f3n.\",\"breadcrumb\":{\"@id\":\"https:\/\/cafesantillascampos.com\/aviso-legal\/#breadcrumb\"},\"inLanguage\":\"de\",\"potentialAction\":[{\"@type\":\"ReadAction\",\"target\":[\"https:\/\/cafesantillascampos.com\/aviso-legal\/\"]}]},{\"@type\":\"BreadcrumbList\",\"@id\":\"https:\/\/cafesantillascampos.com\/aviso-legal\/#breadcrumb\",\"itemListElement\":[{\"@type\":\"ListItem\",\"position\":1,\"name\":\"Portada\",\"item\":\"https:\/\/cafesantillascampos.com\/\"},{\"@type\":\"ListItem\",\"position\":2,\"name\":\"Aviso Legal\"}]},{\"@type\":\"WebSite\",\"@id\":\"https:\/\/cafesantillascampos.com\/#website\",\"url\":\"https:\/\/cafesantillascampos.com\/\",\"name\":\"Caf\u00e9s Las Antillas Campos\",\"description\":\"Tostadero de Caf\u00e9 Las Antillas - Campos. Desde 1922.\",\"publisher\":{\"@id\":\"https:\/\/cafesantillascampos.com\/#organization\"},\"potentialAction\":[{\"@type\":\"SearchAction\",\"target\":{\"@type\":\"EntryPoint\",\"urlTemplate\":\"https:\/\/cafesantillascampos.com\/?s={search_term_string}\"},\"query-input\":{\"@type\":\"PropertyValueSpecification\",\"valueRequired\":true,\"valueName\":\"search_term_string\"}}],\"inLanguage\":\"de\"},{\"@type\":\"Organization\",\"@id\":\"https:\/\/cafesantillascampos.com\/#organization\",\"name\":\"Caf\u00e9s Las Antillas - Campos\",\"url\":\"https:\/\/cafesantillascampos.com\/\",\"logo\":{\"@type\":\"ImageObject\",\"inLanguage\":\"de\",\"@id\":\"https:\/\/cafesantillascampos.com\/#\/schema\/logo\/image\/\",\"url\":\"https:\/\/cafesantillascampos.com\/wp-content\/uploads\/2021\/02\/Logotipo_Web_001.png\",\"contentUrl\":\"https:\/\/cafesantillascampos.com\/wp-content\/uploads\/2021\/02\/Logotipo_Web_001.png\",\"width\":1920,\"height\":374,\"caption\":\"Caf\u00e9s Las Antillas - Campos\"},\"image\":{\"@id\":\"https:\/\/cafesantillascampos.com\/#\/schema\/logo\/image\/\"},\"sameAs\":[\"https:\/\/www.facebook.com\/cafesantillas\/\",\"https:\/\/www.instagram.com\/cafes_las_antillas_campos\/\"]}]}<\/script>\n<!-- \/ Yoast SEO plugin. -->","yoast_head_json":{"title":"Aviso Legal - Caf\u00e9s Las Antillas Campos","description":"Empresa ubicada en Ourense dedicada al tueste, envasado y distribuci\u00f3n de caf\u00e9 para hosteler\u00eda y grandes superficies de alimentaci\u00f3n.","robots":{"index":"index","follow":"follow","max-snippet":"max-snippet:-1","max-image-preview":"max-image-preview:large","max-video-preview":"max-video-preview:-1"},"canonical":"https:\/\/cafesantillascampos.com\/de\/aviso-legal\/","og_locale":"de_DE","og_type":"article","og_title":"Aviso Legal - Caf\u00e9s Las Antillas Campos","og_description":"Empresa ubicada en Ourense dedicada al tueste, envasado y distribuci\u00f3n de caf\u00e9 para hosteler\u00eda y grandes superficies de alimentaci\u00f3n.","og_url":"https:\/\/cafesantillascampos.com\/de\/aviso-legal\/","og_site_name":"Caf\u00e9s Las Antillas Campos","article_publisher":"https:\/\/www.facebook.com\/cafesantillas\/","article_modified_time":"2023-06-20T12:55:50+00:00","twitter_card":"summary_large_image","twitter_misc":{"Gesch\u00e4tzte Lesezeit":"6\u00a0Minuten"},"schema":{"@context":"https:\/\/schema.org","@graph":[{"@type":"WebPage","@id":"https:\/\/cafesantillascampos.com\/aviso-legal\/","url":"https:\/\/cafesantillascampos.com\/aviso-legal\/","name":"Aviso Legal - Caf\u00e9s Las Antillas Campos","isPartOf":{"@id":"https:\/\/cafesantillascampos.com\/#website"},"datePublished":"2021-02-04T11:20:42+00:00","dateModified":"2023-06-20T12:55:50+00:00","description":"Empresa ubicada en Ourense dedicada al tueste, envasado y distribuci\u00f3n de caf\u00e9 para hosteler\u00eda y grandes superficies de alimentaci\u00f3n.","breadcrumb":{"@id":"https:\/\/cafesantillascampos.com\/aviso-legal\/#breadcrumb"},"inLanguage":"de","potentialAction":[{"@type":"ReadAction","target":["https:\/\/cafesantillascampos.com\/aviso-legal\/"]}]},{"@type":"BreadcrumbList","@id":"https:\/\/cafesantillascampos.com\/aviso-legal\/#breadcrumb","itemListElement":[{"@type":"ListItem","position":1,"name":"Portada","item":"https:\/\/cafesantillascampos.com\/"},{"@type":"ListItem","position":2,"name":"Aviso Legal"}]},{"@type":"WebSite","@id":"https:\/\/cafesantillascampos.com\/#website","url":"https:\/\/cafesantillascampos.com\/","name":"Caf\u00e9s Las Antillas Campos","description":"Tostadero de Caf\u00e9 Las Antillas - Campos. Desde 1922.","publisher":{"@id":"https:\/\/cafesantillascampos.com\/#organization"},"potentialAction":[{"@type":"SearchAction","target":{"@type":"EntryPoint","urlTemplate":"https:\/\/cafesantillascampos.com\/?s={search_term_string}"},"query-input":{"@type":"PropertyValueSpecification","valueRequired":true,"valueName":"search_term_string"}}],"inLanguage":"de"},{"@type":"Organization","@id":"https:\/\/cafesantillascampos.com\/#organization","name":"Caf\u00e9s Las Antillas - Campos","url":"https:\/\/cafesantillascampos.com\/","logo":{"@type":"ImageObject","inLanguage":"de","@id":"https:\/\/cafesantillascampos.com\/#\/schema\/logo\/image\/","url":"https:\/\/cafesantillascampos.com\/wp-content\/uploads\/2021\/02\/Logotipo_Web_001.png","contentUrl":"https:\/\/cafesantillascampos.com\/wp-content\/uploads\/2021\/02\/Logotipo_Web_001.png","width":1920,"height":374,"caption":"Caf\u00e9s Las Antillas - Campos"},"image":{"@id":"https:\/\/cafesantillascampos.com\/#\/schema\/logo\/image\/"},"sameAs":["https:\/\/www.facebook.com\/cafesantillas\/","https:\/\/www.instagram.com\/cafes_las_antillas_campos\/"]}]}},"_links":{"self":[{"href":"https:\/\/cafesantillascampos.com\/de\/wp-json\/wp\/v2\/pages\/685","targetHints":{"allow":["GET"]}}],"collection":[{"href":"https:\/\/cafesantillascampos.com\/de\/wp-json\/wp\/v2\/pages"}],"about":[{"href":"https:\/\/cafesantillascampos.com\/de\/wp-json\/wp\/v2\/types\/page"}],"author":[{"embeddable":true,"href":"https:\/\/cafesantillascampos.com\/de\/wp-json\/wp\/v2\/users\/1"}],"replies":[{"embeddable":true,"href":"https:\/\/cafesantillascampos.com\/de\/wp-json\/wp\/v2\/comments?post=685"}],"version-history":[{"count":37,"href":"https:\/\/cafesantillascampos.com\/de\/wp-json\/wp\/v2\/pages\/685\/revisions"}],"predecessor-version":[{"id":5332,"href":"https:\/\/cafesantillascampos.com\/de\/wp-json\/wp\/v2\/pages\/685\/revisions\/5332"}],"wp:attachment":[{"href":"https:\/\/cafesantillascampos.com\/de\/wp-json\/wp\/v2\/media?parent=685"}],"curies":[{"name":"wp","href":"https:\/\/api.w.org\/{rel}","templated":true}]}}